{"id":10,"date":"2011-06-03T14:39:48","date_gmt":"2011-06-03T14:39:48","guid":{"rendered":"http:\/\/ecliente2.com.br\/site\/?page_id=10"},"modified":"2014-07-08T17:08:24","modified_gmt":"2014-07-08T17:08:24","slug":"a-empresa","status":"publish","type":"page","link":"https:\/\/ecliente2.com.br\/site\/a-empresa\/","title":{"rendered":"Sobre a empresa"},"content":{"rendered":"<p>Fundada em 2006, a eCliente \u00e9 uma empresa dedicada exclusivamente ao desenvolvimento de aplica\u00e7\u00f5es para Internet, como sistemas especialistas, redes sociais, web sites din\u00e2micos, sistemas online, integra\u00e7\u00e3o com sistemas locais, e outras aplica\u00e7\u00f5es que possam ser integradas ou acessadas via internet.<\/p>\n<p>A empresa conta atualmente com uma estrutura pr\u00f3pria de servidores, com monitoramento 24&#215;7, backup de dados e links redundantes, alocados em Data Center internacional. Sua equipe \u00e9 formada por profissionais graduados e mestres na \u00e1rea de inform\u00e1tica e comunica\u00e7\u00e3o, com mais de 15 anos de experi\u00eancia, atuando diretamente em diversas empresas e universidades privadas.<\/p>\n<p>A empresa possui sua sede na cidade de Piracicaba, mas atua em todas as regi\u00f5es do Brasil, atendendo empresas de pequeno, m\u00e9dio e grande porte, incluindo empresas Multi-Nacionais e Universidades.<\/p>\n<p style=\"text-align: center;\">A vis\u00e3o da eCliente \u00e9 <em><em>ser a facilitadora entre as tecnologias de sistemas e os neg\u00f3cios das empresas<\/em><\/em><em><em>.<\/em><\/em><\/p>\n<p style=\"text-align: center;\">Conhe\u00e7a um pouco da hist\u00f3ria da eCliente. Os fatos mais relevantes contados em uma <a href=\"http:\/\/ecliente2.com.br\/site\/timeline\/\" target=\"_blank\">linha do tempo<\/a>.<\/p>\n<p><a title=\"Linha do Tempo da eCliente\" href=\"http:\/\/ecliente2.com.br\/site\/timeline\/\" target=\"_blank\"><img fetchpriority=\"high\" decoding=\"async\" class=\"size-full wp-image-791 aligncenter\" title=\"timeline\" src=\"http:\/\/ecliente2.com.br\/site\/wp-content\/uploads\/2011\/06\/timeline.jpg\" alt=\"\" width=\"700\" height=\"95\" srcset=\"https:\/\/ecliente2.com.br\/site\/wp-content\/uploads\/2011\/06\/timeline.jpg 700w, https:\/\/ecliente2.com.br\/site\/wp-content\/uploads\/2011\/06\/timeline-300x40.jpg 300w\" sizes=\"(max-width: 700px) 100vw, 700px\" \/><\/a><\/p>\n","protected":false},"excerpt":{"rendered":"<p>Fundada em 2006, a eCliente \u00e9 uma empresa dedicada exclusivamente ao desenvolvimento de aplica\u00e7\u00f5es para Internet, como sistemas especialistas, redes sociais, web sites din\u00e2micos, sistemas online, integra\u00e7\u00e3o com sistemas locais, e outras aplica\u00e7\u00f5es que possam ser integradas ou acessadas via internet. A empresa conta atualmente com uma estrutura pr\u00f3pria de servidores, com monitoramento 24&#215;7, backup [&hellip;]<\/p>\n","protected":false},"author":2,"featured_media":0,"parent":0,"menu_order":0,"comment_status":"open","ping_status":"closed","template":"","meta":{"_acf_changed":false,"footnotes":""},"class_list":["post-10","page","type-page","status-publish","hentry"],"acf":[],"yoast_head":"<!-- This site is optimized with the Yoast SEO plugin v27.4 - https:\/\/yoast.com\/product\/yoast-seo-wordpress\/ -->\n<title>Sobre a empresa - eCliente Desenvolvimento de Sites e Marketing Digital<\/title>\n<meta name=\"robots\" content=\"index, follow, max-snippet:-1, max-image-preview:large, max-video-preview:-1\" \/>\n<link rel=\"canonical\" href=\"https:\/\/ecliente2.com.br\/site\/a-empresa\/\" \/>\n<meta property=\"og:locale\" content=\"pt_BR\" \/>\n<meta property=\"og:type\" content=\"article\" \/>\n<meta property=\"og:title\" content=\"Sobre a empresa - eCliente Desenvolvimento de Sites e Marketing Digital\" \/>\n<meta property=\"og:description\" content=\"Fundada em 2006, a eCliente \u00e9 uma empresa dedicada exclusivamente ao desenvolvimento de aplica\u00e7\u00f5es para Internet, como sistemas especialistas, redes sociais, web sites din\u00e2micos, sistemas online, integra\u00e7\u00e3o com sistemas locais, e outras aplica\u00e7\u00f5es que possam ser integradas ou acessadas via internet. A empresa conta atualmente com uma estrutura pr\u00f3pria de servidores, com monitoramento 24&#215;7, backup [&hellip;]\" \/>\n<meta property=\"og:url\" content=\"https:\/\/ecliente2.com.br\/site\/a-empresa\/\" \/>\n<meta property=\"og:site_name\" content=\"eCliente Desenvolvimento de Sites e Marketing Digital\" \/>\n<meta property=\"article:publisher\" content=\"https:\/\/www.facebook.com\/ecliente\" \/>\n<meta property=\"article:modified_time\" content=\"2014-07-08T17:08:24+00:00\" \/>\n<meta property=\"og:image\" content=\"http:\/\/ecliente2.com.br\/site\/wp-content\/uploads\/2011\/06\/timeline.jpg\" \/>\n<meta name=\"twitter:label1\" content=\"Est. tempo de leitura\" \/>\n\t<meta name=\"twitter:data1\" content=\"1 minuto\" \/>\n<script type=\"application\/ld+json\" class=\"yoast-schema-graph\">{\"@context\":\"https:\\\/\\\/schema.org\",\"@graph\":[{\"@type\":\"WebPage\",\"@id\":\"https:\\\/\\\/ecliente2.com.br\\\/site\\\/a-empresa\\\/\",\"url\":\"https:\\\/\\\/ecliente2.com.br\\\/site\\\/a-empresa\\\/\",\"name\":\"Sobre a empresa - eCliente Desenvolvimento de Sites e Marketing Digital\",\"isPartOf\":{\"@id\":\"https:\\\/\\\/ecliente2.com.br\\\/site\\\/#website\"},\"primaryImageOfPage\":{\"@id\":\"https:\\\/\\\/ecliente2.com.br\\\/site\\\/a-empresa\\\/#primaryimage\"},\"image\":{\"@id\":\"https:\\\/\\\/ecliente2.com.br\\\/site\\\/a-empresa\\\/#primaryimage\"},\"thumbnailUrl\":\"http:\\\/\\\/ecliente2.com.br\\\/site\\\/wp-content\\\/uploads\\\/2011\\\/06\\\/timeline.jpg\",\"datePublished\":\"2011-06-03T14:39:48+00:00\",\"dateModified\":\"2014-07-08T17:08:24+00:00\",\"breadcrumb\":{\"@id\":\"https:\\\/\\\/ecliente2.com.br\\\/site\\\/a-empresa\\\/#breadcrumb\"},\"inLanguage\":\"pt-BR\",\"potentialAction\":[{\"@type\":\"ReadAction\",\"target\":[\"https:\\\/\\\/ecliente2.com.br\\\/site\\\/a-empresa\\\/\"]}]},{\"@type\":\"ImageObject\",\"inLanguage\":\"pt-BR\",\"@id\":\"https:\\\/\\\/ecliente2.com.br\\\/site\\\/a-empresa\\\/#primaryimage\",\"url\":\"http:\\\/\\\/ecliente2.com.br\\\/site\\\/wp-content\\\/uploads\\\/2011\\\/06\\\/timeline.jpg\",\"contentUrl\":\"http:\\\/\\\/ecliente2.com.br\\\/site\\\/wp-content\\\/uploads\\\/2011\\\/06\\\/timeline.jpg\"},{\"@type\":\"BreadcrumbList\",\"@id\":\"https:\\\/\\\/ecliente2.com.br\\\/site\\\/a-empresa\\\/#breadcrumb\",\"itemListElement\":[{\"@type\":\"ListItem\",\"position\":1,\"name\":\"In\u00edcio\",\"item\":\"https:\\\/\\\/ecliente2.com.br\\\/site\\\/\"},{\"@type\":\"ListItem\",\"position\":2,\"name\":\"Sobre a empresa\"}]},{\"@type\":\"WebSite\",\"@id\":\"https:\\\/\\\/ecliente2.com.br\\\/site\\\/#website\",\"url\":\"https:\\\/\\\/ecliente2.com.br\\\/site\\\/\",\"name\":\"eCliente Desenvolvimento de Sites e Marketing Digital\",\"description\":\"Desenvolvimento de Sites e Software\",\"potentialAction\":[{\"@type\":\"SearchAction\",\"target\":{\"@type\":\"EntryPoint\",\"urlTemplate\":\"https:\\\/\\\/ecliente2.com.br\\\/site\\\/?s={search_term_string}\"},\"query-input\":{\"@type\":\"PropertyValueSpecification\",\"valueRequired\":true,\"valueName\":\"search_term_string\"}}],\"inLanguage\":\"pt-BR\"}]}<\/script>\n<!-- \/ Yoast SEO plugin. -->","yoast_head_json":{"title":"Sobre a empresa - eCliente Desenvolvimento de Sites e Marketing Digital","robots":{"index":"index","follow":"follow","max-snippet":"max-snippet:-1","max-image-preview":"max-image-preview:large","max-video-preview":"max-video-preview:-1"},"canonical":"https:\/\/ecliente2.com.br\/site\/a-empresa\/","og_locale":"pt_BR","og_type":"article","og_title":"Sobre a empresa - eCliente Desenvolvimento de Sites e Marketing Digital","og_description":"Fundada em 2006, a eCliente \u00e9 uma empresa dedicada exclusivamente ao desenvolvimento de aplica\u00e7\u00f5es para Internet, como sistemas especialistas, redes sociais, web sites din\u00e2micos, sistemas online, integra\u00e7\u00e3o com sistemas locais, e outras aplica\u00e7\u00f5es que possam ser integradas ou acessadas via internet. A empresa conta atualmente com uma estrutura pr\u00f3pria de servidores, com monitoramento 24&#215;7, backup [&hellip;]","og_url":"https:\/\/ecliente2.com.br\/site\/a-empresa\/","og_site_name":"eCliente Desenvolvimento de Sites e Marketing Digital","article_publisher":"https:\/\/www.facebook.com\/ecliente","article_modified_time":"2014-07-08T17:08:24+00:00","og_image":[{"url":"http:\/\/ecliente2.com.br\/site\/wp-content\/uploads\/2011\/06\/timeline.jpg","type":"","width":"","height":""}],"twitter_misc":{"Est. tempo de leitura":"1 minuto"},"schema":{"@context":"https:\/\/schema.org","@graph":[{"@type":"WebPage","@id":"https:\/\/ecliente2.com.br\/site\/a-empresa\/","url":"https:\/\/ecliente2.com.br\/site\/a-empresa\/","name":"Sobre a empresa - eCliente Desenvolvimento de Sites e Marketing Digital","isPartOf":{"@id":"https:\/\/ecliente2.com.br\/site\/#website"},"primaryImageOfPage":{"@id":"https:\/\/ecliente2.com.br\/site\/a-empresa\/#primaryimage"},"image":{"@id":"https:\/\/ecliente2.com.br\/site\/a-empresa\/#primaryimage"},"thumbnailUrl":"http:\/\/ecliente2.com.br\/site\/wp-content\/uploads\/2011\/06\/timeline.jpg","datePublished":"2011-06-03T14:39:48+00:00","dateModified":"2014-07-08T17:08:24+00:00","breadcrumb":{"@id":"https:\/\/ecliente2.com.br\/site\/a-empresa\/#breadcrumb"},"inLanguage":"pt-BR","potentialAction":[{"@type":"ReadAction","target":["https:\/\/ecliente2.com.br\/site\/a-empresa\/"]}]},{"@type":"ImageObject","inLanguage":"pt-BR","@id":"https:\/\/ecliente2.com.br\/site\/a-empresa\/#primaryimage","url":"http:\/\/ecliente2.com.br\/site\/wp-content\/uploads\/2011\/06\/timeline.jpg","contentUrl":"http:\/\/ecliente2.com.br\/site\/wp-content\/uploads\/2011\/06\/timeline.jpg"},{"@type":"BreadcrumbList","@id":"https:\/\/ecliente2.com.br\/site\/a-empresa\/#breadcrumb","itemListElement":[{"@type":"ListItem","position":1,"name":"In\u00edcio","item":"https:\/\/ecliente2.com.br\/site\/"},{"@type":"ListItem","position":2,"name":"Sobre a empresa"}]},{"@type":"WebSite","@id":"https:\/\/ecliente2.com.br\/site\/#website","url":"https:\/\/ecliente2.com.br\/site\/","name":"eCliente Desenvolvimento de Sites e Marketing Digital","description":"Desenvolvimento de Sites e Software","potentialAction":[{"@type":"SearchAction","target":{"@type":"EntryPoint","urlTemplate":"https:\/\/ecliente2.com.br\/site\/?s={search_term_string}"},"query-input":{"@type":"PropertyValueSpecification","valueRequired":true,"valueName":"search_term_string"}}],"inLanguage":"pt-BR"}]}},"_links":{"self":[{"href":"https:\/\/ecliente2.com.br\/site\/wp-json\/wp\/v2\/pages\/10","targetHints":{"allow":["GET"]}}],"collection":[{"href":"https:\/\/ecliente2.com.br\/site\/wp-json\/wp\/v2\/pages"}],"about":[{"href":"https:\/\/ecliente2.com.br\/site\/wp-json\/wp\/v2\/types\/page"}],"author":[{"embeddable":true,"href":"https:\/\/ecliente2.com.br\/site\/wp-json\/wp\/v2\/users\/2"}],"replies":[{"embeddable":true,"href":"https:\/\/ecliente2.com.br\/site\/wp-json\/wp\/v2\/comments?post=10"}],"version-history":[{"count":30,"href":"https:\/\/ecliente2.com.br\/site\/wp-json\/wp\/v2\/pages\/10\/revisions"}],"predecessor-version":[{"id":1358,"href":"https:\/\/ecliente2.com.br\/site\/wp-json\/wp\/v2\/pages\/10\/revisions\/1358"}],"wp:attachment":[{"href":"https:\/\/ecliente2.com.br\/site\/wp-json\/wp\/v2\/media?parent=10"}],"curies":[{"name":"wp","href":"https:\/\/api.w.org\/{rel}","templated":true}]}}