{"id":149,"date":"2011-06-07T15:49:46","date_gmt":"2011-06-07T15:49:46","guid":{"rendered":"http:\/\/ecliente2.com.br\/site\/?page_id=149"},"modified":"2021-08-20T14:29:17","modified_gmt":"2021-08-20T14:29:17","slug":"registro-de-dominios","status":"publish","type":"page","link":"https:\/\/ecliente2.com.br\/site\/duvidas\/registro-de-dominios\/","title":{"rendered":"Registro de dom\u00ednios"},"content":{"rendered":"<p><strong>Recebi um boleto parecido com o REGISTRO.BR, devo pagar ?<\/strong><br \/>\nN\u00e3o, n\u00e3o pague. Existe uma empresa que envia um boleto para todos os propriet\u00e1rios de sites com um nome muito parecido com o REGISTRO.BR, cobrando um valor de renova\u00e7\u00e3o anual de R$ 130,00 ou mais. Este \u00e9 um boleto malicioso, leia o alerta publicado pelo pr\u00f3prio registro.br: http:\/\/registro.br\/suporte\/boleto-malicioso.html<\/p>\n<p><strong>O que \u00e9 um ID ?<\/strong>Um ID \u00e9 sua identifica\u00e7\u00e3o como pessoa f\u00edsica no REGISTRO.BR, \u00e9 gratu\u00edto. Recomendamos que voc\u00ea tenha seu pr\u00f3prio ID, desta forma seu site dever\u00e1 ficar vinculado ao seu ID, assim, no caso de uma migra\u00e7\u00e3o de provedor, o processo ser\u00e1 muito mais f\u00e1cil.<\/p>\n<p><strong>O que \u00e9 um nome de dom\u00ednio ?<\/strong><br \/>\n\u00c9 um nome que serve para localizar e identificar conjuntos de computadores na Internet. O nome de dom\u00ednio foi concebido com o objetivo de facilitar a memoriza\u00e7\u00e3o dos endere\u00e7os de computadores na Internet. Sem ele, ter\u00edamos que memorizar uma sequ\u00eancia grande de n\u00fameros.<br \/>\nFonte: http:\/\/registro.br<\/p>\n<p><strong>Quem pode registrar um dom\u00ednio ?<\/strong><br \/>\nQualquer entidade legalmente estabelecida no Brasil como pessoa jur\u00eddica (institui\u00e7\u00f5es) ou f\u00edsica (Profissionais Liberais e pessoas f\u00edsicas) que possua um contato em territ\u00f3rio nacional.<br \/>\nFonte: http:\/\/registro.br<\/p>\n<p><strong>Eu preciso de um provedor para registrar um dom\u00ednio ?<\/strong><br \/>\nO que voc\u00ea precisa na verdade s\u00e3o 2 servidores DNS j\u00e1 configurados para o seu dom\u00ednio. Em geral quem lhe fornecer\u00e1 isto ser\u00e1 o seu provedor de hospedagem, caso voc\u00ea n\u00e3o tenha infra-estrutura pr\u00f3pria. Atualmente o registro.br permite que voc\u00ea utilize os DNSs do pr\u00f3prio registro.br.<br \/>\nFonte: http:\/\/registro.br<\/p>\n<p><strong>O que \u00e9 um DNS ?<\/strong><br \/>\nDNS \u00e9 a sigla para Domain Name System ou Sistema de Nomes de Dom\u00ednios. \u00c9 uma base de dados hier\u00e1rquica, distribuida para a resolu\u00e7\u00e3o de nomes de dom\u00ednios em endere\u00e7os IP e vice-versa<br \/>\nFonte: http:\/\/registro.br<\/p>\n","protected":false},"excerpt":{"rendered":"<p>Recebi um boleto parecido com o REGISTRO.BR, devo pagar ? N\u00e3o, n\u00e3o pague. Existe uma empresa que envia um boleto para todos os propriet\u00e1rios de sites com um nome muito parecido com o REGISTRO.BR, cobrando um valor de renova\u00e7\u00e3o anual de R$ 130,00 ou mais. Este \u00e9 um boleto malicioso, leia o alerta publicado pelo [&hellip;]<\/p>\n","protected":false},"author":2,"featured_media":0,"parent":134,"menu_order":3,"comment_status":"open","ping_status":"closed","template":"","meta":{"_acf_changed":false,"footnotes":""},"class_list":["post-149","page","type-page","status-publish","hentry"],"acf":[],"yoast_head":"<!-- This site is optimized with the Yoast SEO plugin v27.4 - https:\/\/yoast.com\/product\/yoast-seo-wordpress\/ -->\n<title>Registro de dom\u00ednios - eCliente Desenvolvimento de Sites e Marketing Digital<\/title>\n<meta name=\"robots\" content=\"index, follow, max-snippet:-1, max-image-preview:large, max-video-preview:-1\" \/>\n<link rel=\"canonical\" href=\"https:\/\/ecliente2.com.br\/site\/duvidas\/registro-de-dominios\/\" \/>\n<meta property=\"og:locale\" content=\"pt_BR\" \/>\n<meta property=\"og:type\" content=\"article\" \/>\n<meta property=\"og:title\" content=\"Registro de dom\u00ednios - eCliente Desenvolvimento de Sites e Marketing Digital\" \/>\n<meta property=\"og:description\" content=\"Recebi um boleto parecido com o REGISTRO.BR, devo pagar ? N\u00e3o, n\u00e3o pague. Existe uma empresa que envia um boleto para todos os propriet\u00e1rios de sites com um nome muito parecido com o REGISTRO.BR, cobrando um valor de renova\u00e7\u00e3o anual de R$ 130,00 ou mais. Este \u00e9 um boleto malicioso, leia o alerta publicado pelo [&hellip;]\" \/>\n<meta property=\"og:url\" content=\"https:\/\/ecliente2.com.br\/site\/duvidas\/registro-de-dominios\/\" \/>\n<meta property=\"og:site_name\" content=\"eCliente Desenvolvimento de Sites e Marketing Digital\" \/>\n<meta property=\"article:publisher\" content=\"https:\/\/www.facebook.com\/ecliente\" \/>\n<meta property=\"article:modified_time\" content=\"2021-08-20T14:29:17+00:00\" \/>\n<meta name=\"twitter:label1\" content=\"Est. tempo de leitura\" \/>\n\t<meta name=\"twitter:data1\" content=\"2 minutos\" \/>\n<script type=\"application\/ld+json\" class=\"yoast-schema-graph\">{\"@context\":\"https:\\\/\\\/schema.org\",\"@graph\":[{\"@type\":\"WebPage\",\"@id\":\"https:\\\/\\\/ecliente2.com.br\\\/site\\\/duvidas\\\/registro-de-dominios\\\/\",\"url\":\"https:\\\/\\\/ecliente2.com.br\\\/site\\\/duvidas\\\/registro-de-dominios\\\/\",\"name\":\"Registro de dom\u00ednios - eCliente Desenvolvimento de Sites e Marketing Digital\",\"isPartOf\":{\"@id\":\"https:\\\/\\\/ecliente2.com.br\\\/site\\\/#website\"},\"datePublished\":\"2011-06-07T15:49:46+00:00\",\"dateModified\":\"2021-08-20T14:29:17+00:00\",\"breadcrumb\":{\"@id\":\"https:\\\/\\\/ecliente2.com.br\\\/site\\\/duvidas\\\/registro-de-dominios\\\/#breadcrumb\"},\"inLanguage\":\"pt-BR\",\"potentialAction\":[{\"@type\":\"ReadAction\",\"target\":[\"https:\\\/\\\/ecliente2.com.br\\\/site\\\/duvidas\\\/registro-de-dominios\\\/\"]}]},{\"@type\":\"BreadcrumbList\",\"@id\":\"https:\\\/\\\/ecliente2.com.br\\\/site\\\/duvidas\\\/registro-de-dominios\\\/#breadcrumb\",\"itemListElement\":[{\"@type\":\"ListItem\",\"position\":1,\"name\":\"In\u00edcio\",\"item\":\"https:\\\/\\\/ecliente2.com.br\\\/site\\\/\"},{\"@type\":\"ListItem\",\"position\":2,\"name\":\"D\u00favidas\",\"item\":\"https:\\\/\\\/ecliente2.com.br\\\/site\\\/duvidas\\\/\"},{\"@type\":\"ListItem\",\"position\":3,\"name\":\"Registro de dom\u00ednios\"}]},{\"@type\":\"WebSite\",\"@id\":\"https:\\\/\\\/ecliente2.com.br\\\/site\\\/#website\",\"url\":\"https:\\\/\\\/ecliente2.com.br\\\/site\\\/\",\"name\":\"eCliente Desenvolvimento de Sites e Marketing Digital\",\"description\":\"Desenvolvimento de Sites e Software\",\"potentialAction\":[{\"@type\":\"SearchAction\",\"target\":{\"@type\":\"EntryPoint\",\"urlTemplate\":\"https:\\\/\\\/ecliente2.com.br\\\/site\\\/?s={search_term_string}\"},\"query-input\":{\"@type\":\"PropertyValueSpecification\",\"valueRequired\":true,\"valueName\":\"search_term_string\"}}],\"inLanguage\":\"pt-BR\"}]}<\/script>\n<!-- \/ Yoast SEO plugin. -->","yoast_head_json":{"title":"Registro de dom\u00ednios - eCliente Desenvolvimento de Sites e Marketing Digital","robots":{"index":"index","follow":"follow","max-snippet":"max-snippet:-1","max-image-preview":"max-image-preview:large","max-video-preview":"max-video-preview:-1"},"canonical":"https:\/\/ecliente2.com.br\/site\/duvidas\/registro-de-dominios\/","og_locale":"pt_BR","og_type":"article","og_title":"Registro de dom\u00ednios - eCliente Desenvolvimento de Sites e Marketing Digital","og_description":"Recebi um boleto parecido com o REGISTRO.BR, devo pagar ? N\u00e3o, n\u00e3o pague. Existe uma empresa que envia um boleto para todos os propriet\u00e1rios de sites com um nome muito parecido com o REGISTRO.BR, cobrando um valor de renova\u00e7\u00e3o anual de R$ 130,00 ou mais. Este \u00e9 um boleto malicioso, leia o alerta publicado pelo [&hellip;]","og_url":"https:\/\/ecliente2.com.br\/site\/duvidas\/registro-de-dominios\/","og_site_name":"eCliente Desenvolvimento de Sites e Marketing Digital","article_publisher":"https:\/\/www.facebook.com\/ecliente","article_modified_time":"2021-08-20T14:29:17+00:00","twitter_misc":{"Est. tempo de leitura":"2 minutos"},"schema":{"@context":"https:\/\/schema.org","@graph":[{"@type":"WebPage","@id":"https:\/\/ecliente2.com.br\/site\/duvidas\/registro-de-dominios\/","url":"https:\/\/ecliente2.com.br\/site\/duvidas\/registro-de-dominios\/","name":"Registro de dom\u00ednios - eCliente Desenvolvimento de Sites e Marketing Digital","isPartOf":{"@id":"https:\/\/ecliente2.com.br\/site\/#website"},"datePublished":"2011-06-07T15:49:46+00:00","dateModified":"2021-08-20T14:29:17+00:00","breadcrumb":{"@id":"https:\/\/ecliente2.com.br\/site\/duvidas\/registro-de-dominios\/#breadcrumb"},"inLanguage":"pt-BR","potentialAction":[{"@type":"ReadAction","target":["https:\/\/ecliente2.com.br\/site\/duvidas\/registro-de-dominios\/"]}]},{"@type":"BreadcrumbList","@id":"https:\/\/ecliente2.com.br\/site\/duvidas\/registro-de-dominios\/#breadcrumb","itemListElement":[{"@type":"ListItem","position":1,"name":"In\u00edcio","item":"https:\/\/ecliente2.com.br\/site\/"},{"@type":"ListItem","position":2,"name":"D\u00favidas","item":"https:\/\/ecliente2.com.br\/site\/duvidas\/"},{"@type":"ListItem","position":3,"name":"Registro de dom\u00ednios"}]},{"@type":"WebSite","@id":"https:\/\/ecliente2.com.br\/site\/#website","url":"https:\/\/ecliente2.com.br\/site\/","name":"eCliente Desenvolvimento de Sites e Marketing Digital","description":"Desenvolvimento de Sites e Software","potentialAction":[{"@type":"SearchAction","target":{"@type":"EntryPoint","urlTemplate":"https:\/\/ecliente2.com.br\/site\/?s={search_term_string}"},"query-input":{"@type":"PropertyValueSpecification","valueRequired":true,"valueName":"search_term_string"}}],"inLanguage":"pt-BR"}]}},"_links":{"self":[{"href":"https:\/\/ecliente2.com.br\/site\/wp-json\/wp\/v2\/pages\/149","targetHints":{"allow":["GET"]}}],"collection":[{"href":"https:\/\/ecliente2.com.br\/site\/wp-json\/wp\/v2\/pages"}],"about":[{"href":"https:\/\/ecliente2.com.br\/site\/wp-json\/wp\/v2\/types\/page"}],"author":[{"embeddable":true,"href":"https:\/\/ecliente2.com.br\/site\/wp-json\/wp\/v2\/users\/2"}],"replies":[{"embeddable":true,"href":"https:\/\/ecliente2.com.br\/site\/wp-json\/wp\/v2\/comments?post=149"}],"version-history":[{"count":4,"href":"https:\/\/ecliente2.com.br\/site\/wp-json\/wp\/v2\/pages\/149\/revisions"}],"predecessor-version":[{"id":1181,"href":"https:\/\/ecliente2.com.br\/site\/wp-json\/wp\/v2\/pages\/149\/revisions\/1181"}],"up":[{"embeddable":true,"href":"https:\/\/ecliente2.com.br\/site\/wp-json\/wp\/v2\/pages\/134"}],"wp:attachment":[{"href":"https:\/\/ecliente2.com.br\/site\/wp-json\/wp\/v2\/media?parent=149"}],"curies":[{"name":"wp","href":"https:\/\/api.w.org\/{rel}","templated":true}]}}