{"id":1735,"date":"2016-08-19T17:16:29","date_gmt":"2016-08-19T17:16:29","guid":{"rendered":"http:\/\/alecbeltrami.com.br\/ecliente\/?page_id=1615"},"modified":"2025-02-18T11:20:08","modified_gmt":"2025-02-18T11:20:08","slug":"home-old","status":"publish","type":"page","link":"https:\/\/ecliente2.com.br\/site\/home-old\/","title":{"rendered":"Home-old"},"content":{"rendered":"","protected":false},"excerpt":{"rendered":"","protected":false},"author":2,"featured_media":0,"parent":0,"menu_order":0,"comment_status":"closed","ping_status":"closed","template":"page-home.php","meta":{"_acf_changed":false,"footnotes":""},"class_list":["post-1735","page","type-page","status-publish","hentry"],"acf":[],"yoast_head":"<!-- This site is optimized with the Yoast SEO plugin v27.5 - https:\/\/yoast.com\/product\/yoast-seo-wordpress\/ -->\n<title>eCliente Desenvolvimento de Sites e Marketing Digital<\/title>\n<meta name=\"description\" content=\"Somos diferentes, pode ter certeza. Nascemos em 2006 e desde ent\u00e3o nosso objetivo \u00e9 entregar aos nossos clientes muito al\u00e9m de um sistema...\" \/>\n<meta name=\"robots\" content=\"index, follow, max-snippet:-1, max-image-preview:large, max-video-preview:-1\" \/>\n<link rel=\"canonical\" href=\"https:\/\/ecliente2.com.br\/site\/home-old\/\" \/>\n<meta property=\"og:locale\" content=\"pt_BR\" \/>\n<meta property=\"og:type\" content=\"article\" \/>\n<meta property=\"og:title\" content=\"eCliente Tecnologia da Informa\u00e7\u00e3o\" \/>\n<meta property=\"og:description\" content=\"Somos diferentes, pode ter certeza. Nascemos em 2006 e desde ent\u00e3o nosso objetivo \u00e9 entregar aos nossos clientes muito al\u00e9m de um sistema ou um site...\" \/>\n<meta property=\"og:url\" content=\"https:\/\/ecliente2.com.br\/site\/home-old\/\" \/>\n<meta property=\"og:site_name\" content=\"eCliente Desenvolvimento de Sites e Marketing Digital\" \/>\n<meta property=\"article:publisher\" content=\"https:\/\/www.facebook.com\/ecliente\" \/>\n<meta property=\"article:modified_time\" content=\"2025-02-18T11:20:08+00:00\" \/>\n<meta property=\"og:image\" content=\"https:\/\/ecliente2.com.br\/site\/wp-content\/uploads\/2011\/06\/logo.png\" \/>\n\t<meta property=\"og:image:width\" content=\"328\" \/>\n\t<meta property=\"og:image:height\" content=\"85\" \/>\n\t<meta property=\"og:image:type\" content=\"image\/png\" \/>\n<script type=\"application\/ld+json\" class=\"yoast-schema-graph\">{\"@context\":\"https:\\\/\\\/schema.org\",\"@graph\":[{\"@type\":\"WebPage\",\"@id\":\"https:\\\/\\\/ecliente2.com.br\\\/site\\\/home-old\\\/\",\"url\":\"https:\\\/\\\/ecliente2.com.br\\\/site\\\/home-old\\\/\",\"name\":\"eCliente Desenvolvimento de Sites e Marketing Digital\",\"isPartOf\":{\"@id\":\"https:\\\/\\\/ecliente2.com.br\\\/site\\\/#website\"},\"datePublished\":\"2016-08-19T17:16:29+00:00\",\"dateModified\":\"2025-02-18T11:20:08+00:00\",\"description\":\"Somos diferentes, pode ter certeza. Nascemos em 2006 e desde ent\u00e3o nosso objetivo \u00e9 entregar aos nossos clientes muito al\u00e9m de um sistema...\",\"breadcrumb\":{\"@id\":\"https:\\\/\\\/ecliente2.com.br\\\/site\\\/home-old\\\/#breadcrumb\"},\"inLanguage\":\"pt-BR\",\"potentialAction\":[{\"@type\":\"ReadAction\",\"target\":[\"https:\\\/\\\/ecliente2.com.br\\\/site\\\/home-old\\\/\"]}]},{\"@type\":\"BreadcrumbList\",\"@id\":\"https:\\\/\\\/ecliente2.com.br\\\/site\\\/home-old\\\/#breadcrumb\",\"itemListElement\":[{\"@type\":\"ListItem\",\"position\":1,\"name\":\"In\u00edcio\",\"item\":\"https:\\\/\\\/ecliente2.com.br\\\/site\\\/\"},{\"@type\":\"ListItem\",\"position\":2,\"name\":\"Home-old\"}]},{\"@type\":\"WebSite\",\"@id\":\"https:\\\/\\\/ecliente2.com.br\\\/site\\\/#website\",\"url\":\"https:\\\/\\\/ecliente2.com.br\\\/site\\\/\",\"name\":\"eCliente Desenvolvimento de Sites e Marketing Digital\",\"description\":\"Desenvolvimento de Sites e Software\",\"potentialAction\":[{\"@type\":\"SearchAction\",\"target\":{\"@type\":\"EntryPoint\",\"urlTemplate\":\"https:\\\/\\\/ecliente2.com.br\\\/site\\\/?s={search_term_string}\"},\"query-input\":{\"@type\":\"PropertyValueSpecification\",\"valueRequired\":true,\"valueName\":\"search_term_string\"}}],\"inLanguage\":\"pt-BR\"}]}<\/script>\n<!-- \/ Yoast SEO plugin. -->","yoast_head_json":{"title":"eCliente Desenvolvimento de Sites e Marketing Digital","description":"Somos diferentes, pode ter certeza. Nascemos em 2006 e desde ent\u00e3o nosso objetivo \u00e9 entregar aos nossos clientes muito al\u00e9m de um sistema...","robots":{"index":"index","follow":"follow","max-snippet":"max-snippet:-1","max-image-preview":"max-image-preview:large","max-video-preview":"max-video-preview:-1"},"canonical":"https:\/\/ecliente2.com.br\/site\/home-old\/","og_locale":"pt_BR","og_type":"article","og_title":"eCliente Tecnologia da Informa\u00e7\u00e3o","og_description":"Somos diferentes, pode ter certeza. Nascemos em 2006 e desde ent\u00e3o nosso objetivo \u00e9 entregar aos nossos clientes muito al\u00e9m de um sistema ou um site...","og_url":"https:\/\/ecliente2.com.br\/site\/home-old\/","og_site_name":"eCliente Desenvolvimento de Sites e Marketing Digital","article_publisher":"https:\/\/www.facebook.com\/ecliente","article_modified_time":"2025-02-18T11:20:08+00:00","og_image":[{"width":328,"height":85,"url":"https:\/\/ecliente2.com.br\/site\/wp-content\/uploads\/2011\/06\/logo.png","type":"image\/png"}],"schema":{"@context":"https:\/\/schema.org","@graph":[{"@type":"WebPage","@id":"https:\/\/ecliente2.com.br\/site\/home-old\/","url":"https:\/\/ecliente2.com.br\/site\/home-old\/","name":"eCliente Desenvolvimento de Sites e Marketing Digital","isPartOf":{"@id":"https:\/\/ecliente2.com.br\/site\/#website"},"datePublished":"2016-08-19T17:16:29+00:00","dateModified":"2025-02-18T11:20:08+00:00","description":"Somos diferentes, pode ter certeza. Nascemos em 2006 e desde ent\u00e3o nosso objetivo \u00e9 entregar aos nossos clientes muito al\u00e9m de um sistema...","breadcrumb":{"@id":"https:\/\/ecliente2.com.br\/site\/home-old\/#breadcrumb"},"inLanguage":"pt-BR","potentialAction":[{"@type":"ReadAction","target":["https:\/\/ecliente2.com.br\/site\/home-old\/"]}]},{"@type":"BreadcrumbList","@id":"https:\/\/ecliente2.com.br\/site\/home-old\/#breadcrumb","itemListElement":[{"@type":"ListItem","position":1,"name":"In\u00edcio","item":"https:\/\/ecliente2.com.br\/site\/"},{"@type":"ListItem","position":2,"name":"Home-old"}]},{"@type":"WebSite","@id":"https:\/\/ecliente2.com.br\/site\/#website","url":"https:\/\/ecliente2.com.br\/site\/","name":"eCliente Desenvolvimento de Sites e Marketing Digital","description":"Desenvolvimento de Sites e Software","potentialAction":[{"@type":"SearchAction","target":{"@type":"EntryPoint","urlTemplate":"https:\/\/ecliente2.com.br\/site\/?s={search_term_string}"},"query-input":{"@type":"PropertyValueSpecification","valueRequired":true,"valueName":"search_term_string"}}],"inLanguage":"pt-BR"}]}},"_links":{"self":[{"href":"https:\/\/ecliente2.com.br\/site\/wp-json\/wp\/v2\/pages\/1735","targetHints":{"allow":["GET"]}}],"collection":[{"href":"https:\/\/ecliente2.com.br\/site\/wp-json\/wp\/v2\/pages"}],"about":[{"href":"https:\/\/ecliente2.com.br\/site\/wp-json\/wp\/v2\/types\/page"}],"author":[{"embeddable":true,"href":"https:\/\/ecliente2.com.br\/site\/wp-json\/wp\/v2\/users\/2"}],"replies":[{"embeddable":true,"href":"https:\/\/ecliente2.com.br\/site\/wp-json\/wp\/v2\/comments?post=1735"}],"version-history":[{"count":3,"href":"https:\/\/ecliente2.com.br\/site\/wp-json\/wp\/v2\/pages\/1735\/revisions"}],"predecessor-version":[{"id":7556,"href":"https:\/\/ecliente2.com.br\/site\/wp-json\/wp\/v2\/pages\/1735\/revisions\/7556"}],"wp:attachment":[{"href":"https:\/\/ecliente2.com.br\/site\/wp-json\/wp\/v2\/media?parent=1735"}],"curies":[{"name":"wp","href":"https:\/\/api.w.org\/{rel}","templated":true}]}}