{"id":2,"date":"2011-06-02T16:38:05","date_gmt":"2011-06-02T16:38:05","guid":{"rendered":"http:\/\/ecliente2.com.br\/site\/?page_id=2"},"modified":"2015-06-22T18:35:40","modified_gmt":"2015-06-22T18:35:40","slug":"contatos","status":"publish","type":"page","link":"https:\/\/ecliente2.com.br\/site\/contatos\/","title":{"rendered":"Contatos"},"content":{"rendered":"<p>Telefone<br \/>\n(19) 3371-2086<br \/>\n(19) 2532-5920<\/p>\n<p>eMail<br \/>\nCOMERCIAL.: contato [@] ecliente.com.br<br \/>\nFINANCEIRO: financeiro [@] ecliente.com.br<\/p>\n<p>Localiza\u00e7\u00e3o<\/p>\n<p>A eCliente Inform\u00e1tica, est\u00e1 situada na cidade de Piracicaba, interior de SP, na Rua Prudente de Moraes, 325, sala 3, Bairro Centro.<\/p>\n<p>Exibir mapa ampliado<\/p>\n<p><iframe src=\"http:\/\/maps.google.com.br\/maps?f=q&amp;source=s_q&amp;hl=pt-BR&amp;geocode=&amp;q=Rua+Prudente+de+Moraes,+325,+Piracicaba&amp;aq=&amp;sll=-14.239424,-53.186502&amp;sspn=55.731132,107.138672&amp;ie=UTF8&amp;hq=&amp;hnear=R.+Prudente+de+Morais,+325+-+Centro,+Piracicaba+-+S%C3%A3o+Paulo,+13400-310&amp;ll=-22.720972,-47.652361&amp;spn=0.005938,0.006437&amp;z=16&amp;iwloc=A&amp;output=embed\" width=\"100%\" height=\"400\" frameborder=\"0\" marginwidth=\"0\" marginheight=\"0\" scrolling=\"no\"><\/iframe><br \/>\n<small><a style=\"color: #0000ff; text-align: left;\" href=\"http:\/\/maps.google.com.br\/maps?f=q&amp;source=embed&amp;hl=pt-BR&amp;geocode=&amp;q=Rua+Prudente+de+Moraes,+325,+Piracicaba&amp;aq=&amp;sll=-14.239424,-53.186502&amp;sspn=55.731132,107.138672&amp;ie=UTF8&amp;hq=&amp;hnear=R.+Prudente+de+Morais,+325+-+Centro,+Piracicaba+-+S%C3%A3o+Paulo,+13400-310&amp;ll=-22.720972,-47.652361&amp;spn=0.005938,0.006437&amp;z=16&amp;iwloc=A\">Exibir mapa ampliado<\/a><\/small><\/p>\n","protected":false},"excerpt":{"rendered":"<p>Telefone (19) 3371-2086 (19) 2532-5920 eMail COMERCIAL.: contato [@] ecliente.com.br FINANCEIRO: financeiro [@] ecliente.com.br Localiza\u00e7\u00e3o A eCliente Inform\u00e1tica, est\u00e1 situada na cidade de Piracicaba, interior de SP, na Rua Prudente de Moraes, 325, sala 3, Bairro Centro. Exibir mapa ampliado Exibir mapa ampliado<\/p>\n","protected":false},"author":2,"featured_media":0,"parent":0,"menu_order":0,"comment_status":"open","ping_status":"closed","template":"","meta":{"_acf_changed":false,"footnotes":""},"class_list":["post-2","page","type-page","status-publish","hentry"],"acf":[],"yoast_head":"<!-- This site is optimized with the Yoast SEO plugin v27.5 - https:\/\/yoast.com\/product\/yoast-seo-wordpress\/ -->\n<title>Entre em contato com a eCliente Inform\u00e1tica<\/title>\n<meta name=\"description\" content=\"Entre em contato conosco, (19) 3371-2086 ou pelo eMail contato ecliente.com.br\" \/>\n<meta name=\"robots\" content=\"index, follow, max-snippet:-1, max-image-preview:large, max-video-preview:-1\" \/>\n<link rel=\"canonical\" href=\"https:\/\/ecliente2.com.br\/site\/contatos\/\" \/>\n<meta property=\"og:locale\" content=\"pt_BR\" \/>\n<meta property=\"og:type\" content=\"article\" \/>\n<meta property=\"og:title\" content=\"Entre em contato com a eCliente Inform\u00e1tica\" \/>\n<meta property=\"og:description\" content=\"Entre em contato conosco, (19) 3371-2086 ou pelo eMail contato ecliente.com.br\" \/>\n<meta property=\"og:url\" content=\"https:\/\/ecliente2.com.br\/site\/contatos\/\" \/>\n<meta property=\"og:site_name\" content=\"eCliente Desenvolvimento de Sites e Marketing Digital\" \/>\n<meta property=\"article:publisher\" content=\"https:\/\/www.facebook.com\/ecliente\" \/>\n<meta property=\"article:modified_time\" content=\"2015-06-22T18:35:40+00:00\" \/>\n<script type=\"application\/ld+json\" class=\"yoast-schema-graph\">{\"@context\":\"https:\\\/\\\/schema.org\",\"@graph\":[{\"@type\":\"WebPage\",\"@id\":\"https:\\\/\\\/ecliente2.com.br\\\/site\\\/contatos\\\/\",\"url\":\"https:\\\/\\\/ecliente2.com.br\\\/site\\\/contatos\\\/\",\"name\":\"Entre em contato com a eCliente Inform\u00e1tica\",\"isPartOf\":{\"@id\":\"https:\\\/\\\/ecliente2.com.br\\\/site\\\/#website\"},\"datePublished\":\"2011-06-02T16:38:05+00:00\",\"dateModified\":\"2015-06-22T18:35:40+00:00\",\"description\":\"Entre em contato conosco, (19) 3371-2086 ou pelo eMail contato ecliente.com.br\",\"breadcrumb\":{\"@id\":\"https:\\\/\\\/ecliente2.com.br\\\/site\\\/contatos\\\/#breadcrumb\"},\"inLanguage\":\"pt-BR\",\"potentialAction\":[{\"@type\":\"ReadAction\",\"target\":[\"https:\\\/\\\/ecliente2.com.br\\\/site\\\/contatos\\\/\"]}]},{\"@type\":\"BreadcrumbList\",\"@id\":\"https:\\\/\\\/ecliente2.com.br\\\/site\\\/contatos\\\/#breadcrumb\",\"itemListElement\":[{\"@type\":\"ListItem\",\"position\":1,\"name\":\"In\u00edcio\",\"item\":\"https:\\\/\\\/ecliente2.com.br\\\/site\\\/\"},{\"@type\":\"ListItem\",\"position\":2,\"name\":\"Contatos\"}]},{\"@type\":\"WebSite\",\"@id\":\"https:\\\/\\\/ecliente2.com.br\\\/site\\\/#website\",\"url\":\"https:\\\/\\\/ecliente2.com.br\\\/site\\\/\",\"name\":\"eCliente Desenvolvimento de Sites e Marketing Digital\",\"description\":\"Desenvolvimento de Sites e Software\",\"potentialAction\":[{\"@type\":\"SearchAction\",\"target\":{\"@type\":\"EntryPoint\",\"urlTemplate\":\"https:\\\/\\\/ecliente2.com.br\\\/site\\\/?s={search_term_string}\"},\"query-input\":{\"@type\":\"PropertyValueSpecification\",\"valueRequired\":true,\"valueName\":\"search_term_string\"}}],\"inLanguage\":\"pt-BR\"}]}<\/script>\n<!-- \/ Yoast SEO plugin. -->","yoast_head_json":{"title":"Entre em contato com a eCliente Inform\u00e1tica","description":"Entre em contato conosco, (19) 3371-2086 ou pelo eMail contato ecliente.com.br","robots":{"index":"index","follow":"follow","max-snippet":"max-snippet:-1","max-image-preview":"max-image-preview:large","max-video-preview":"max-video-preview:-1"},"canonical":"https:\/\/ecliente2.com.br\/site\/contatos\/","og_locale":"pt_BR","og_type":"article","og_title":"Entre em contato com a eCliente Inform\u00e1tica","og_description":"Entre em contato conosco, (19) 3371-2086 ou pelo eMail contato ecliente.com.br","og_url":"https:\/\/ecliente2.com.br\/site\/contatos\/","og_site_name":"eCliente Desenvolvimento de Sites e Marketing Digital","article_publisher":"https:\/\/www.facebook.com\/ecliente","article_modified_time":"2015-06-22T18:35:40+00:00","schema":{"@context":"https:\/\/schema.org","@graph":[{"@type":"WebPage","@id":"https:\/\/ecliente2.com.br\/site\/contatos\/","url":"https:\/\/ecliente2.com.br\/site\/contatos\/","name":"Entre em contato com a eCliente Inform\u00e1tica","isPartOf":{"@id":"https:\/\/ecliente2.com.br\/site\/#website"},"datePublished":"2011-06-02T16:38:05+00:00","dateModified":"2015-06-22T18:35:40+00:00","description":"Entre em contato conosco, (19) 3371-2086 ou pelo eMail contato ecliente.com.br","breadcrumb":{"@id":"https:\/\/ecliente2.com.br\/site\/contatos\/#breadcrumb"},"inLanguage":"pt-BR","potentialAction":[{"@type":"ReadAction","target":["https:\/\/ecliente2.com.br\/site\/contatos\/"]}]},{"@type":"BreadcrumbList","@id":"https:\/\/ecliente2.com.br\/site\/contatos\/#breadcrumb","itemListElement":[{"@type":"ListItem","position":1,"name":"In\u00edcio","item":"https:\/\/ecliente2.com.br\/site\/"},{"@type":"ListItem","position":2,"name":"Contatos"}]},{"@type":"WebSite","@id":"https:\/\/ecliente2.com.br\/site\/#website","url":"https:\/\/ecliente2.com.br\/site\/","name":"eCliente Desenvolvimento de Sites e Marketing Digital","description":"Desenvolvimento de Sites e Software","potentialAction":[{"@type":"SearchAction","target":{"@type":"EntryPoint","urlTemplate":"https:\/\/ecliente2.com.br\/site\/?s={search_term_string}"},"query-input":{"@type":"PropertyValueSpecification","valueRequired":true,"valueName":"search_term_string"}}],"inLanguage":"pt-BR"}]}},"_links":{"self":[{"href":"https:\/\/ecliente2.com.br\/site\/wp-json\/wp\/v2\/pages\/2","targetHints":{"allow":["GET"]}}],"collection":[{"href":"https:\/\/ecliente2.com.br\/site\/wp-json\/wp\/v2\/pages"}],"about":[{"href":"https:\/\/ecliente2.com.br\/site\/wp-json\/wp\/v2\/types\/page"}],"author":[{"embeddable":true,"href":"https:\/\/ecliente2.com.br\/site\/wp-json\/wp\/v2\/users\/2"}],"replies":[{"embeddable":true,"href":"https:\/\/ecliente2.com.br\/site\/wp-json\/wp\/v2\/comments?post=2"}],"version-history":[{"count":22,"href":"https:\/\/ecliente2.com.br\/site\/wp-json\/wp\/v2\/pages\/2\/revisions"}],"predecessor-version":[{"id":1460,"href":"https:\/\/ecliente2.com.br\/site\/wp-json\/wp\/v2\/pages\/2\/revisions\/1460"}],"wp:attachment":[{"href":"https:\/\/ecliente2.com.br\/site\/wp-json\/wp\/v2\/media?parent=2"}],"curies":[{"name":"wp","href":"https:\/\/api.w.org\/{rel}","templated":true}]}}