{"id":3005,"date":"2020-07-17T11:45:24","date_gmt":"2020-07-17T11:45:24","guid":{"rendered":"https:\/\/ecliente2.com.br\/site\/?page_id=3005"},"modified":"2020-07-17T11:51:34","modified_gmt":"2020-07-17T11:51:34","slug":"como-um-site-desatualizado-pode-prejudicar-suas-vendas","status":"publish","type":"page","link":"https:\/\/ecliente2.com.br\/site\/como-um-site-desatualizado-pode-prejudicar-suas-vendas\/","title":{"rendered":"Como um site desatualizado pode prejudicar suas vendas"},"content":{"rendered":"\t\t<div data-elementor-type=\"wp-post\" data-elementor-id=\"3005\" class=\"elementor elementor-3005\" data-elementor-post-type=\"page\">\n\t\t\t\t\t\t<section class=\"elementor-section elementor-top-section elementor-element elementor-element-032ff07 elementor-section-boxed elementor-section-height-default elementor-section-height-default\" data-id=\"032ff07\" data-element_type=\"section\" data-e-type=\"section\">\n\t\t\t\t\t\t<div class=\"elementor-container elementor-column-gap-default\">\n\t\t\t\t\t<div class=\"elementor-column elementor-col-33 elementor-top-column elementor-element elementor-element-7910a23\" data-id=\"7910a23\" data-element_type=\"column\" data-e-type=\"column\">\n\t\t\t<div class=\"elementor-widget-wrap elementor-element-populated\">\n\t\t\t\t\t\t<div class=\"elementor-element elementor-element-298d709 elementor-widget elementor-widget-image\" data-id=\"298d709\" data-element_type=\"widget\" data-e-type=\"widget\" data-widget_type=\"image.default\">\n\t\t\t\t<div class=\"elementor-widget-container\">\n\t\t\t\t\t\t\t\t\t\t\t\t\t\t\t<img decoding=\"async\" src=\"https:\/\/ecliente2.com.br\/site\/wp-content\/uploads\/elementor\/thumbs\/logo_RGB_cor-oiqk32ps6kv355osidiyxrfgavxgery532c8bbfvh8.png\" title=\"logo_RGB_cor\" alt=\"logo_RGB_cor\" loading=\"lazy\" \/>\t\t\t\t\t\t\t\t\t\t\t\t\t\t\t<\/div>\n\t\t\t\t<\/div>\n\t\t\t\t\t<\/div>\n\t\t<\/div>\n\t\t\t\t<div class=\"elementor-column elementor-col-33 elementor-top-column elementor-element elementor-element-58ab61b\" data-id=\"58ab61b\" data-element_type=\"column\" data-e-type=\"column\">\n\t\t\t<div class=\"elementor-widget-wrap elementor-element-populated\">\n\t\t\t\t\t\t<div class=\"elementor-element elementor-element-2bd952c elementor-widget elementor-widget-html\" data-id=\"2bd952c\" data-element_type=\"widget\" data-e-type=\"widget\" data-widget_type=\"html.default\">\n\t\t\t\t<div class=\"elementor-widget-container\">\n\t\t\t\t\t<!-- Facebook Pixel Code -->\r\n<script>\r\n  !function(f,b,e,v,n,t,s)\r\n  {if(f.fbq)return;n=f.fbq=function(){n.callMethod?\r\n  n.callMethod.apply(n,arguments):n.queue.push(arguments)};\r\n  if(!f._fbq)f._fbq=n;n.push=n;n.loaded=!0;n.version='2.0';\r\n  n.queue=[];t=b.createElement(e);t.async=!0;\r\n  t.src=v;s=b.getElementsByTagName(e)[0];\r\n  s.parentNode.insertBefore(t,s)}(window, document,'script',\r\n  'https:\/\/connect.facebook.net\/en_US\/fbevents.js');\r\n  fbq('init', '157517504858393');\r\n  fbq('track', 'PageView');\r\n<\/script>\r\n<noscript><img decoding=\"async\" height=\"1\" width=\"1\" style=\"display:none\"\r\n  src=\"https:\/\/www.facebook.com\/tr?id=157517504858393&ev=PageView&noscript=1\"\r\n\/><\/noscript>\r\n<!-- End Facebook Pixel Code -->\t\t\t\t<\/div>\n\t\t\t\t<\/div>\n\t\t\t\t\t<\/div>\n\t\t<\/div>\n\t\t\t\t<div class=\"elementor-column elementor-col-33 elementor-top-column elementor-element elementor-element-63bf7e8\" data-id=\"63bf7e8\" data-element_type=\"column\" data-e-type=\"column\">\n\t\t\t<div class=\"elementor-widget-wrap\">\n\t\t\t\t\t\t\t<\/div>\n\t\t<\/div>\n\t\t\t\t\t<\/div>\n\t\t<\/section>\n\t\t\t\t<section class=\"elementor-section elementor-top-section elementor-element elementor-element-cd39314 elementor-section-boxed elementor-section-height-default elementor-section-height-default\" data-id=\"cd39314\" data-element_type=\"section\" data-e-type=\"section\">\n\t\t\t\t\t\t<div class=\"elementor-container elementor-column-gap-default\">\n\t\t\t\t\t<div class=\"elementor-column elementor-col-100 elementor-top-column elementor-element elementor-element-f429a22\" data-id=\"f429a22\" data-element_type=\"column\" data-e-type=\"column\">\n\t\t\t<div class=\"elementor-widget-wrap elementor-element-populated\">\n\t\t\t\t\t\t<div class=\"elementor-element elementor-element-f47bf59 elementor-widget elementor-widget-heading\" data-id=\"f47bf59\" data-element_type=\"widget\" data-e-type=\"widget\" data-widget_type=\"heading.default\">\n\t\t\t\t<div class=\"elementor-widget-container\">\n\t\t\t\t\t<h2 class=\"elementor-heading-title elementor-size-default\">Como um site desatualizado pode impactar nas suas vendas?<\/h2>\t\t\t\t<\/div>\n\t\t\t\t<\/div>\n\t\t\t\t\t<\/div>\n\t\t<\/div>\n\t\t\t\t\t<\/div>\n\t\t<\/section>\n\t\t\t\t<section class=\"elementor-section elementor-top-section elementor-element elementor-element-e6d2efa elementor-section-content-middle elementor-section-boxed elementor-section-height-default elementor-section-height-default\" data-id=\"e6d2efa\" data-element_type=\"section\" data-e-type=\"section\">\n\t\t\t\t\t\t<div class=\"elementor-container elementor-column-gap-no\">\n\t\t\t\t\t<div class=\"elementor-column elementor-col-50 elementor-top-column elementor-element elementor-element-2c2b35cf\" data-id=\"2c2b35cf\" data-element_type=\"column\" data-e-type=\"column\">\n\t\t\t<div class=\"elementor-widget-wrap elementor-element-populated\">\n\t\t\t\t\t\t<div class=\"elementor-element elementor-element-96d3c73 elementor-widget elementor-widget-video\" data-id=\"96d3c73\" data-element_type=\"widget\" data-e-type=\"widget\" data-settings=\"{&quot;youtube_url&quot;:&quot;https:\\\/\\\/www.youtube.com\\\/watch?v=viWjJ89mfCQ&quot;,&quot;video_type&quot;:&quot;youtube&quot;,&quot;controls&quot;:&quot;yes&quot;}\" data-widget_type=\"video.default\">\n\t\t\t\t<div class=\"elementor-widget-container\">\n\t\t\t\t\t\t\t<div class=\"elementor-wrapper elementor-open-inline\">\n\t\t\t<div class=\"elementor-video\"><\/div>\t\t<\/div>\n\t\t\t\t\t\t<\/div>\n\t\t\t\t<\/div>\n\t\t\t\t\t<\/div>\n\t\t<\/div>\n\t\t\t\t<div class=\"elementor-column elementor-col-50 elementor-top-column elementor-element elementor-element-790d8e46\" data-id=\"790d8e46\" data-element_type=\"column\" data-e-type=\"column\">\n\t\t\t<div class=\"elementor-widget-wrap elementor-element-populated\">\n\t\t\t\t\t\t<div class=\"elementor-element elementor-element-2eee511e elementor-widget elementor-widget-heading\" data-id=\"2eee511e\" data-element_type=\"widget\" data-e-type=\"widget\" data-widget_type=\"heading.default\">\n\t\t\t\t<div class=\"elementor-widget-container\">\n\t\t\t\t\t<h2 class=\"elementor-heading-title elementor-size-small\">#vendamais<\/h2>\t\t\t\t<\/div>\n\t\t\t\t<\/div>\n\t\t\t\t<div class=\"elementor-element elementor-element-68922f5c elementor-position-inline-start elementor-view-default elementor-mobile-position-block-start elementor-widget elementor-widget-icon-box\" data-id=\"68922f5c\" data-element_type=\"widget\" data-e-type=\"widget\" data-widget_type=\"icon-box.default\">\n\t\t\t\t<div class=\"elementor-widget-container\">\n\t\t\t\t\t\t\t<div class=\"elementor-icon-box-wrapper\">\n\n\t\t\t\t\t\t<div class=\"elementor-icon-box-icon\">\n\t\t\t\t<span  class=\"elementor-icon\">\n\t\t\t\t<i aria-hidden=\"true\" class=\"fas fa-pencil-alt\"><\/i>\t\t\t\t<\/span>\n\t\t\t<\/div>\n\t\t\t\n\t\t\t\t\t\t<div class=\"elementor-icon-box-content\">\n\n\t\t\t\t\t\t\t\t\t<h3 class=\"elementor-icon-box-title\">\n\t\t\t\t\t\t<span  >\n\t\t\t\t\t\t\tEMPRES\u00c1RIO\t\t\t\t\t\t<\/span>\n\t\t\t\t\t<\/h3>\n\t\t\t\t\n\t\t\t\t\t\t\t\t\t<p class=\"elementor-icon-box-description\">\n\t\t\t\t\t\tO site \u00e9 uma das principais portas de entrada de clientes no momento atual. Seu cliente est\u00e1 no google procurando solu\u00e7\u00f5es, servi\u00e7os e produtos. Se voc\u00ea \"esqueceu\" do seu site n\u00e3o tem atualizado, pode estar perdendo vendas pois sua concorr\u00eancia est\u00e1 aparecendo em primeiro nas buscas. \t\t\t\t\t<\/p>\n\t\t\t\t\n\t\t\t<\/div>\n\t\t\t\n\t\t<\/div>\n\t\t\t\t\t\t<\/div>\n\t\t\t\t<\/div>\n\t\t\t\t<div class=\"elementor-element elementor-element-21311140 elementor-position-inline-start elementor-view-default elementor-mobile-position-block-start elementor-widget elementor-widget-icon-box\" data-id=\"21311140\" data-element_type=\"widget\" data-e-type=\"widget\" data-widget_type=\"icon-box.default\">\n\t\t\t\t<div class=\"elementor-widget-container\">\n\t\t\t\t\t\t\t<div class=\"elementor-icon-box-wrapper\">\n\n\t\t\t\t\t\t<div class=\"elementor-icon-box-icon\">\n\t\t\t\t<a href=\"https:\/\/ecliente2.com.br\/site\/site-eficiente-para-empresas\/\" target=\"_blank\" class=\"elementor-icon\" tabindex=\"-1\" aria-label=\"Quer resolver agora? CLIQUE AQUI!\ud83d\udc48\">\n\t\t\t\t<i aria-hidden=\"true\" class=\"fas fa-bullseye\"><\/i>\t\t\t\t<\/a>\n\t\t\t<\/div>\n\t\t\t\n\t\t\t\t\t\t<div class=\"elementor-icon-box-content\">\n\n\t\t\t\t\t\t\t\t\t<h3 class=\"elementor-icon-box-title\">\n\t\t\t\t\t\t<a href=\"https:\/\/ecliente2.com.br\/site\/site-eficiente-para-empresas\/\" target=\"_blank\" >\n\t\t\t\t\t\t\tQuer resolver agora? CLIQUE AQUI!\ud83d\udc48\t\t\t\t\t\t<\/a>\n\t\t\t\t\t<\/h3>\n\t\t\t\t\n\t\t\t\t\t\t\t\t\t<p class=\"elementor-icon-box-description\">\n\t\t\t\t\t\tTemos uma solu\u00e7\u00e3o r\u00e1pida, um site eficiente e moderno para sua empresa, dentro do seu or\u00e7amento! J\u00e1 com BLOG incluso!\t\t\t\t\t<\/p>\n\t\t\t\t\n\t\t\t<\/div>\n\t\t\t\n\t\t<\/div>\n\t\t\t\t\t\t<\/div>\n\t\t\t\t<\/div>\n\t\t\t\t\t<\/div>\n\t\t<\/div>\n\t\t\t\t\t<\/div>\n\t\t<\/section>\n\t\t\t\t<section class=\"elementor-section elementor-top-section elementor-element elementor-element-132f3c1 elementor-section-boxed elementor-section-height-default elementor-section-height-default\" data-id=\"132f3c1\" data-element_type=\"section\" data-e-type=\"section\">\n\t\t\t\t\t\t<div class=\"elementor-container elementor-column-gap-default\">\n\t\t\t\t\t<div class=\"elementor-column elementor-col-100 elementor-top-column elementor-element elementor-element-09a6629\" data-id=\"09a6629\" data-element_type=\"column\" data-e-type=\"column\">\n\t\t\t<div class=\"elementor-widget-wrap elementor-element-populated\">\n\t\t\t\t\t\t<div class=\"elementor-element elementor-element-aad6956 elementor-widget elementor-widget-image\" data-id=\"aad6956\" data-element_type=\"widget\" data-e-type=\"widget\" data-widget_type=\"image.default\">\n\t\t\t\t<div class=\"elementor-widget-container\">\n\t\t\t\t\t\t\t\t\t\t\t\t\t\t\t\t<a href=\"https:\/\/ecliente2.com.br\/site\/site-eficiente-para-empresas\/\">\n\t\t\t\t\t\t\t<img decoding=\"async\" width=\"600\" height=\"74\" src=\"https:\/\/ecliente2.com.br\/site\/wp-content\/uploads\/2019\/12\/cuidamos-do-seu-site.png\" class=\"attachment-large size-large wp-image-2313\" alt=\"\" srcset=\"https:\/\/ecliente2.com.br\/site\/wp-content\/uploads\/2019\/12\/cuidamos-do-seu-site.png 728w, https:\/\/ecliente2.com.br\/site\/wp-content\/uploads\/2019\/12\/cuidamos-do-seu-site-300x37.png 300w\" sizes=\"(max-width: 600px) 100vw, 600px\" \/>\t\t\t\t\t\t\t\t<\/a>\n\t\t\t\t\t\t\t\t\t\t\t\t\t\t\t<\/div>\n\t\t\t\t<\/div>\n\t\t\t\t\t<\/div>\n\t\t<\/div>\n\t\t\t\t\t<\/div>\n\t\t<\/section>\n\t\t\t\t<\/div>\n\t\t","protected":false},"excerpt":{"rendered":"<p>Como um site desatualizado pode impactar nas suas vendas? #vendamais EMPRES\u00c1RIO O site \u00e9 uma das principais portas de entrada de clientes no momento atual. Seu cliente est\u00e1 no google procurando solu\u00e7\u00f5es, servi\u00e7os e produtos. Se voc\u00ea &#8220;esqueceu&#8221; do seu site n\u00e3o tem atualizado, pode estar perdendo vendas pois sua concorr\u00eancia est\u00e1 aparecendo em primeiro [&hellip;]<\/p>\n","protected":false},"author":2,"featured_media":0,"parent":0,"menu_order":0,"comment_status":"closed","ping_status":"closed","template":"elementor_canvas","meta":{"_acf_changed":false,"footnotes":""},"class_list":["post-3005","page","type-page","status-publish","hentry"],"acf":[],"yoast_head":"<!-- This site is optimized with the Yoast SEO plugin v27.5 - https:\/\/yoast.com\/product\/yoast-seo-wordpress\/ -->\n<title>Como um site desatualizado pode prejudicar suas vendas - eCliente Desenvolvimento de Sites e Marketing Digital<\/title>\n<meta name=\"robots\" content=\"index, follow, max-snippet:-1, max-image-preview:large, max-video-preview:-1\" \/>\n<link rel=\"canonical\" href=\"https:\/\/ecliente2.com.br\/site\/como-um-site-desatualizado-pode-prejudicar-suas-vendas\/\" \/>\n<meta property=\"og:locale\" content=\"pt_BR\" \/>\n<meta property=\"og:type\" content=\"article\" \/>\n<meta property=\"og:title\" content=\"Como um site desatualizado pode prejudicar suas vendas - eCliente Desenvolvimento de Sites e Marketing Digital\" \/>\n<meta property=\"og:description\" content=\"Como um site desatualizado pode impactar nas suas vendas? #vendamais EMPRES\u00c1RIO O site \u00e9 uma das principais portas de entrada de clientes no momento atual. Seu cliente est\u00e1 no google procurando solu\u00e7\u00f5es, servi\u00e7os e produtos. Se voc\u00ea &#8220;esqueceu&#8221; do seu site n\u00e3o tem atualizado, pode estar perdendo vendas pois sua concorr\u00eancia est\u00e1 aparecendo em primeiro [&hellip;]\" \/>\n<meta property=\"og:url\" content=\"https:\/\/ecliente2.com.br\/site\/como-um-site-desatualizado-pode-prejudicar-suas-vendas\/\" \/>\n<meta property=\"og:site_name\" content=\"eCliente Desenvolvimento de Sites e Marketing Digital\" \/>\n<meta property=\"article:publisher\" content=\"https:\/\/www.facebook.com\/ecliente\" \/>\n<meta property=\"article:modified_time\" content=\"2020-07-17T11:51:34+00:00\" \/>\n<meta property=\"og:image\" content=\"https:\/\/ecliente2.com.br\/site\/wp-content\/uploads\/elementor\/thumbs\/logo_RGB_cor-oiqk32ps6kv355osidiyxrfgavxgery532c8bbfvhi.png\" \/>\n<script type=\"application\/ld+json\" class=\"yoast-schema-graph\">{\"@context\":\"https:\\\/\\\/schema.org\",\"@graph\":[{\"@type\":\"WebPage\",\"@id\":\"https:\\\/\\\/ecliente2.com.br\\\/site\\\/como-um-site-desatualizado-pode-prejudicar-suas-vendas\\\/\",\"url\":\"https:\\\/\\\/ecliente2.com.br\\\/site\\\/como-um-site-desatualizado-pode-prejudicar-suas-vendas\\\/\",\"name\":\"Como um site desatualizado pode prejudicar suas vendas - eCliente Desenvolvimento de Sites e Marketing Digital\",\"isPartOf\":{\"@id\":\"https:\\\/\\\/ecliente2.com.br\\\/site\\\/#website\"},\"primaryImageOfPage\":{\"@id\":\"https:\\\/\\\/ecliente2.com.br\\\/site\\\/como-um-site-desatualizado-pode-prejudicar-suas-vendas\\\/#primaryimage\"},\"image\":{\"@id\":\"https:\\\/\\\/ecliente2.com.br\\\/site\\\/como-um-site-desatualizado-pode-prejudicar-suas-vendas\\\/#primaryimage\"},\"thumbnailUrl\":\"https:\\\/\\\/ecliente2.com.br\\\/site\\\/wp-content\\\/uploads\\\/elementor\\\/thumbs\\\/logo_RGB_cor-oiqk32ps6kv355osidiyxrfgavxgery532c8bbfvhi.png\",\"datePublished\":\"2020-07-17T11:45:24+00:00\",\"dateModified\":\"2020-07-17T11:51:34+00:00\",\"breadcrumb\":{\"@id\":\"https:\\\/\\\/ecliente2.com.br\\\/site\\\/como-um-site-desatualizado-pode-prejudicar-suas-vendas\\\/#breadcrumb\"},\"inLanguage\":\"pt-BR\",\"potentialAction\":[{\"@type\":\"ReadAction\",\"target\":[\"https:\\\/\\\/ecliente2.com.br\\\/site\\\/como-um-site-desatualizado-pode-prejudicar-suas-vendas\\\/\"]}]},{\"@type\":\"ImageObject\",\"inLanguage\":\"pt-BR\",\"@id\":\"https:\\\/\\\/ecliente2.com.br\\\/site\\\/como-um-site-desatualizado-pode-prejudicar-suas-vendas\\\/#primaryimage\",\"url\":\"https:\\\/\\\/ecliente2.com.br\\\/site\\\/wp-content\\\/uploads\\\/elementor\\\/thumbs\\\/logo_RGB_cor-oiqk32ps6kv355osidiyxrfgavxgery532c8bbfvhi.png\",\"contentUrl\":\"https:\\\/\\\/ecliente2.com.br\\\/site\\\/wp-content\\\/uploads\\\/elementor\\\/thumbs\\\/logo_RGB_cor-oiqk32ps6kv355osidiyxrfgavxgery532c8bbfvhi.png\"},{\"@type\":\"BreadcrumbList\",\"@id\":\"https:\\\/\\\/ecliente2.com.br\\\/site\\\/como-um-site-desatualizado-pode-prejudicar-suas-vendas\\\/#breadcrumb\",\"itemListElement\":[{\"@type\":\"ListItem\",\"position\":1,\"name\":\"In\u00edcio\",\"item\":\"https:\\\/\\\/ecliente2.com.br\\\/site\\\/\"},{\"@type\":\"ListItem\",\"position\":2,\"name\":\"Como um site desatualizado pode prejudicar suas vendas\"}]},{\"@type\":\"WebSite\",\"@id\":\"https:\\\/\\\/ecliente2.com.br\\\/site\\\/#website\",\"url\":\"https:\\\/\\\/ecliente2.com.br\\\/site\\\/\",\"name\":\"eCliente Desenvolvimento de Sites e Marketing Digital\",\"description\":\"Desenvolvimento de Sites e Software\",\"potentialAction\":[{\"@type\":\"SearchAction\",\"target\":{\"@type\":\"EntryPoint\",\"urlTemplate\":\"https:\\\/\\\/ecliente2.com.br\\\/site\\\/?s={search_term_string}\"},\"query-input\":{\"@type\":\"PropertyValueSpecification\",\"valueRequired\":true,\"valueName\":\"search_term_string\"}}],\"inLanguage\":\"pt-BR\"}]}<\/script>\n<!-- \/ Yoast SEO plugin. -->","yoast_head_json":{"title":"Como um site desatualizado pode prejudicar suas vendas - eCliente Desenvolvimento de Sites e Marketing Digital","robots":{"index":"index","follow":"follow","max-snippet":"max-snippet:-1","max-image-preview":"max-image-preview:large","max-video-preview":"max-video-preview:-1"},"canonical":"https:\/\/ecliente2.com.br\/site\/como-um-site-desatualizado-pode-prejudicar-suas-vendas\/","og_locale":"pt_BR","og_type":"article","og_title":"Como um site desatualizado pode prejudicar suas vendas - eCliente Desenvolvimento de Sites e Marketing Digital","og_description":"Como um site desatualizado pode impactar nas suas vendas? #vendamais EMPRES\u00c1RIO O site \u00e9 uma das principais portas de entrada de clientes no momento atual. Seu cliente est\u00e1 no google procurando solu\u00e7\u00f5es, servi\u00e7os e produtos. Se voc\u00ea &#8220;esqueceu&#8221; do seu site n\u00e3o tem atualizado, pode estar perdendo vendas pois sua concorr\u00eancia est\u00e1 aparecendo em primeiro [&hellip;]","og_url":"https:\/\/ecliente2.com.br\/site\/como-um-site-desatualizado-pode-prejudicar-suas-vendas\/","og_site_name":"eCliente Desenvolvimento de Sites e Marketing Digital","article_publisher":"https:\/\/www.facebook.com\/ecliente","article_modified_time":"2020-07-17T11:51:34+00:00","og_image":[{"url":"https:\/\/ecliente2.com.br\/site\/wp-content\/uploads\/elementor\/thumbs\/logo_RGB_cor-oiqk32ps6kv355osidiyxrfgavxgery532c8bbfvhi.png","type":"","width":"","height":""}],"schema":{"@context":"https:\/\/schema.org","@graph":[{"@type":"WebPage","@id":"https:\/\/ecliente2.com.br\/site\/como-um-site-desatualizado-pode-prejudicar-suas-vendas\/","url":"https:\/\/ecliente2.com.br\/site\/como-um-site-desatualizado-pode-prejudicar-suas-vendas\/","name":"Como um site desatualizado pode prejudicar suas vendas - eCliente Desenvolvimento de Sites e Marketing Digital","isPartOf":{"@id":"https:\/\/ecliente2.com.br\/site\/#website"},"primaryImageOfPage":{"@id":"https:\/\/ecliente2.com.br\/site\/como-um-site-desatualizado-pode-prejudicar-suas-vendas\/#primaryimage"},"image":{"@id":"https:\/\/ecliente2.com.br\/site\/como-um-site-desatualizado-pode-prejudicar-suas-vendas\/#primaryimage"},"thumbnailUrl":"https:\/\/ecliente2.com.br\/site\/wp-content\/uploads\/elementor\/thumbs\/logo_RGB_cor-oiqk32ps6kv355osidiyxrfgavxgery532c8bbfvhi.png","datePublished":"2020-07-17T11:45:24+00:00","dateModified":"2020-07-17T11:51:34+00:00","breadcrumb":{"@id":"https:\/\/ecliente2.com.br\/site\/como-um-site-desatualizado-pode-prejudicar-suas-vendas\/#breadcrumb"},"inLanguage":"pt-BR","potentialAction":[{"@type":"ReadAction","target":["https:\/\/ecliente2.com.br\/site\/como-um-site-desatualizado-pode-prejudicar-suas-vendas\/"]}]},{"@type":"ImageObject","inLanguage":"pt-BR","@id":"https:\/\/ecliente2.com.br\/site\/como-um-site-desatualizado-pode-prejudicar-suas-vendas\/#primaryimage","url":"https:\/\/ecliente2.com.br\/site\/wp-content\/uploads\/elementor\/thumbs\/logo_RGB_cor-oiqk32ps6kv355osidiyxrfgavxgery532c8bbfvhi.png","contentUrl":"https:\/\/ecliente2.com.br\/site\/wp-content\/uploads\/elementor\/thumbs\/logo_RGB_cor-oiqk32ps6kv355osidiyxrfgavxgery532c8bbfvhi.png"},{"@type":"BreadcrumbList","@id":"https:\/\/ecliente2.com.br\/site\/como-um-site-desatualizado-pode-prejudicar-suas-vendas\/#breadcrumb","itemListElement":[{"@type":"ListItem","position":1,"name":"In\u00edcio","item":"https:\/\/ecliente2.com.br\/site\/"},{"@type":"ListItem","position":2,"name":"Como um site desatualizado pode prejudicar suas vendas"}]},{"@type":"WebSite","@id":"https:\/\/ecliente2.com.br\/site\/#website","url":"https:\/\/ecliente2.com.br\/site\/","name":"eCliente Desenvolvimento de Sites e Marketing Digital","description":"Desenvolvimento de Sites e Software","potentialAction":[{"@type":"SearchAction","target":{"@type":"EntryPoint","urlTemplate":"https:\/\/ecliente2.com.br\/site\/?s={search_term_string}"},"query-input":{"@type":"PropertyValueSpecification","valueRequired":true,"valueName":"search_term_string"}}],"inLanguage":"pt-BR"}]}},"_links":{"self":[{"href":"https:\/\/ecliente2.com.br\/site\/wp-json\/wp\/v2\/pages\/3005","targetHints":{"allow":["GET"]}}],"collection":[{"href":"https:\/\/ecliente2.com.br\/site\/wp-json\/wp\/v2\/pages"}],"about":[{"href":"https:\/\/ecliente2.com.br\/site\/wp-json\/wp\/v2\/types\/page"}],"author":[{"embeddable":true,"href":"https:\/\/ecliente2.com.br\/site\/wp-json\/wp\/v2\/users\/2"}],"replies":[{"embeddable":true,"href":"https:\/\/ecliente2.com.br\/site\/wp-json\/wp\/v2\/comments?post=3005"}],"version-history":[{"count":5,"href":"https:\/\/ecliente2.com.br\/site\/wp-json\/wp\/v2\/pages\/3005\/revisions"}],"predecessor-version":[{"id":3010,"href":"https:\/\/ecliente2.com.br\/site\/wp-json\/wp\/v2\/pages\/3005\/revisions\/3010"}],"wp:attachment":[{"href":"https:\/\/ecliente2.com.br\/site\/wp-json\/wp\/v2\/media?parent=3005"}],"curies":[{"name":"wp","href":"https:\/\/api.w.org\/{rel}","templated":true}]}}