{"id":401,"date":"2011-08-06T13:42:54","date_gmt":"2011-08-06T13:42:54","guid":{"rendered":"http:\/\/ecliente2.com.br\/site\/?page_id=401"},"modified":"2012-10-09T12:11:15","modified_gmt":"2012-10-09T12:11:15","slug":"site-para-imobiliarias","status":"publish","type":"page","link":"https:\/\/ecliente2.com.br\/site\/sistemas\/site-para-imobiliarias\/","title":{"rendered":"Site para imobili\u00e1rias"},"content":{"rendered":"<p>A eCliente oferece para as Imobili\u00e1rias um sistema completo que permite o gerenciamento do conte\u00fado do site, dando autonomia para atualiza\u00e7\u00e3o de informa\u00e7\u00f5es, fotos e, principalmente, atendimento online aos clientes.<\/p>\n<p>Veja os principais recursos<\/p>\n<ul>\n<li><strong>Gerenciamento dos im\u00f3veis<\/strong><br \/>\nGest\u00e3o do conte\u00fado do website, com inclus\u00e3o, altera\u00e7\u00e3o ou exclus\u00e3o de registros com total autonomia para o usu\u00e1rio<\/li>\n<li><strong>Tipos de im\u00f3veis<\/strong><br \/>\nFlexibilidade na configura\u00e7\u00e3o dos tipos de im\u00f3veis (casa, terreno, terreno na praia, etc)<\/li>\n<li><strong>Configura\u00e7\u00e3o de mensagens<\/strong><br \/>\nAs mensagens que s\u00e3o enviadas para seus clientes por eMail podem ser facilmente configuradas e personalizadas pelo sistema<\/li>\n<li><strong>Informa\u00e7\u00f5es completas<\/strong><br \/>\nCadastro com informa\u00e7\u00f5es detalhadas dos im\u00f3veis, facilitando assim a busca pelo cliente.<\/li>\n<li><strong>Fotos e Videos<\/strong><br \/>\nIncorpora\u00e7\u00e3o de fotos e videos ao cadastro do im\u00f3vel, sem limites. A restri\u00e7\u00e3o \u00e9 apenas quanto ao plano de hospedagem contratado.<\/li>\n<li><strong>Mapas<\/strong><br \/>\nLink com o mapa do Google Maps.<\/li>\n<li><strong>Sistemas de not\u00edcias ou Blog<\/strong><br \/>\nPublica\u00e7\u00e3o de conte\u00fados mais din\u00e2micos e livres. Estes conte\u00fados auxiliam no mapeamento do site no Google.<\/li>\n<li><strong>Usu\u00e1rios<\/strong><br \/>\nAcesso ao sistema por n\u00edvel de Imobili\u00e1ria, com todos os direitos, ou como Corretor, apenas para consultas e outras opera\u00e7\u00f5es espec\u00edficas.<\/li>\n<li><strong>Estat\u00edsticas de acesso<\/strong><br \/>\nVis\u00e3o das visualiza\u00e7\u00f5es de cada im\u00f3vel, al\u00e9m de integra\u00e7\u00e3o com o Google Analytics para monitoramente completo do site.<\/li>\n<li><strong>Atendimento online<\/strong><br \/>\nFerramenta web para atendimento online dos clientes que est\u00e3o visitando o site, ou integra\u00e7\u00e3o com skype e msn..<\/li>\n<li><strong>Sistemas de buscas do site<\/strong><br \/>\nFiltros para buscas espec\u00edficas de informa\u00e7\u00f5es como valor m\u00e1ximo e m\u00ednimo, cidade, bairro, refer\u00eancia e tipo do im\u00f3vel.<\/li>\n<li><strong>Contatos<\/strong><br \/>\nFormul\u00e1rio de contato ou para consulta sobre im\u00f3veis.<\/li>\n<li><strong>Sitemap<\/strong><br \/>\nFerramenta para facilitar o mapeamento do site da imobili\u00e1ria pelos mecanismos de busca (Google, Bing, etc).<\/li>\n<li><strong>Redes Sociais<\/strong><br \/>\nLinks diretos para o usu\u00e1rio compartilhar as informa\u00e7\u00f5es com redes sociais<\/li>\n<li><strong>Acesso mobile (personalizado)<\/strong><br \/>\nPermite a consulta dos im\u00f3veis em um site mais simples e leve, para acesso via celular.<\/li>\n<li><strong>Menu din\u00e2mico<\/strong><br \/>\nCadastro de menu e conte\u00fado de forma din\u00e2mica, possibilitando autonomia para criar novas p\u00e1ginas com conte\u00fado texto, imagens, tabelas, etc. Voc\u00ea poder\u00e1 anexar imagens da sua empresa, equipe, etc.<\/li>\n<li><strong>Cadastro de visitas<\/strong><br \/>\nVoc\u00ea pode registrar todas os clientes que visitaram o im\u00f3vel, assim podendo manter um contato.<\/li>\n<li><strong>Cadastro de interessados<\/strong><br \/>\nEssa ferramenta cadastra todos os interessados em um im\u00f3vel, esta op\u00e7\u00e3o est\u00e1 dispon\u00edvel tanto no site quanto na \u00e1rea administrativa.<\/li>\n<\/ul>\n<p style=\"text-align: center;\">Exemplo de tela de BUSCA<\/p>\n<p style=\"text-align: center;\"><a href=\"http:\/\/ecliente2.com.br\/site\/wp-content\/uploads\/2011\/08\/foto_busca.png\"><img fetchpriority=\"high\" decoding=\"async\" class=\"size-medium wp-image-409 aligncenter\" title=\"foto_busca\" src=\"http:\/\/ecliente2.com.br\/site\/wp-content\/uploads\/2011\/08\/foto_busca-245x300.png\" alt=\"\" width=\"245\" height=\"300\" srcset=\"https:\/\/ecliente2.com.br\/site\/wp-content\/uploads\/2011\/08\/foto_busca-245x300.png 245w, https:\/\/ecliente2.com.br\/site\/wp-content\/uploads\/2011\/08\/foto_busca.png 368w\" sizes=\"(max-width: 245px) 100vw, 245px\" \/><\/a><\/p>\n<p style=\"text-align: center;\">A imobili\u00e1ria pode optar por um site padr\u00e3o ou personalizado.<\/p>\n<p>Para informa\u00e7\u00f5es sobre investimento, planos e personaliza\u00e7\u00e3o de site, entre em contato conosco: <a href=\"http:\/\/ecliente2.com.br\/site\/?page_id=2\">CLIQUE AQUI<\/a><\/p>\n<div class=\"host-geral\">\n<div class=\"host-dsc-geral\">\n<div class=\"host-dsc4\"><img decoding=\"async\" class=\"aligncenter\" style=\"border: 0px;\" src=\"http:\/\/www.ecliente2.com.br\/site\/wp-content\/themes\/boldyy\/images\/recb.jpg\" alt=\"\" \/><\/div>\n<div class=\"host-dsc-tit\">Caracter\u00edsticas<\/div>\n<div class=\"host-dsc\">Espa\u00e7o<\/div>\n<div class=\"host-dsc\">Backup (7 na semana)<\/div>\n<div class=\"host-dsc\">Banda<\/div>\n<div class=\"host-dsc\">Contas de eMail<\/div>\n<div class=\"host-dsc\">M\u00e1x de im\u00f3veis<\/div>\n<div class=\"host-dsc\">Painel de controle<\/div>\n<div class=\"host-dsc\">N\u00ba de Corretores<\/div>\n<div class=\"host-dsc\">N\u00ba de Usu\u00e1rios<\/div>\n<div class=\"host-dsc\">Sistema de busca<\/div>\n<div class=\"host-dsc\">Google Maps<\/div>\n<div class=\"host-dsc\">Icones Redes Sociais<\/div>\n<div class=\"host-dsc\">Taxa de ades\u00e3o<\/div>\n<div class=\"host-dsc\">Mensalidade<\/div>\n<\/div>\n<div class=\"host-dsc2-geral\">\n<div class=\"host-dsc4\"><img decoding=\"async\" class=\"aligncenter\" style=\"border: 0px;\" src=\"http:\/\/www.ecliente2.com.br\/site\/wp-content\/themes\/boldyy\/images\/recb.jpg\" alt=\"\" \/><\/div>\n<div class=\"host-dsc2-tit\">Plano Econ\u00f4mico<\/div>\n<div class=\"host-dsc2\">100Mb<\/div>\n<div class=\"host-dsc2\">Sim<\/div>\n<div class=\"host-dsc2\">10Gb<\/div>\n<div class=\"host-dsc2\">10<\/div>\n<div class=\"host-dsc2\">50<\/div>\n<div class=\"host-dsc2\">\u2713<\/div>\n<div class=\"host-dsc2\">5<\/div>\n<div class=\"host-dsc2\">2<\/div>\n<div class=\"host-dsc2\">\u2713<\/div>\n<div class=\"host-dsc2\">\u2713<\/div>\n<div class=\"host-dsc2\">\u2713<\/div>\n<div class=\"host-dsc2\">R$450,00<\/div>\n<div class=\"host-dsc2\">R$45,00<\/div>\n<div class=\"host-dsc3\"><img decoding=\"async\" class=\"aligncenter\" style=\"border: 0px;\" onmouseover=\"this.src='http:\/\/www.ecliente2.com.br\/site\/wp-content\/themes\/boldyy\/images\/ch.gif'\" onmouseout=\"this.src='http:\/\/www.ecliente2.com.br\/site\/wp-content\/themes\/boldyy\/images\/cn.gif'\" src=\"http:\/\/www.ecliente2.com.br\/site\/wp-content\/themes\/boldyy\/images\/cn.gif\" alt=\"\" \/><\/div>\n<\/div>\n<div class=\"host-dsc2-geral\">\n<div class=\"host-dsc4\"><img decoding=\"async\" class=\"aligncenter\" style=\"border: 0px;\" src=\"http:\/\/www.ecliente2.com.br\/site\/wp-content\/themes\/boldyy\/images\/rec.gif\" alt=\"\" \/><\/div>\n<div class=\"host-dsc2-tit\">Plano I<\/div>\n<div class=\"host-dsc2\">200Mb<\/div>\n<div class=\"host-dsc2\">Sim<\/div>\n<div class=\"host-dsc2\">20Gb<\/div>\n<div class=\"host-dsc2\">20<\/div>\n<div class=\"host-dsc2\">100<\/div>\n<div class=\"host-dsc2\">\u2713<\/div>\n<div class=\"host-dsc2\">10<\/div>\n<div class=\"host-dsc2\">4<\/div>\n<div class=\"host-dsc2\">\u2713<\/div>\n<div class=\"host-dsc2\">\u2713<\/div>\n<div class=\"host-dsc2\">\u2713<\/div>\n<div class=\"host-dsc2\">R$450,00<\/div>\n<div class=\"host-dsc2\">R$55,00<\/div>\n<div class=\"host-dsc3\"><a href=\"http:\/\/www.ecliente.com.br\/assinatura.php?sistema=hosp_I\" target=\"_blank\"><img decoding=\"async\" class=\"aligncenter\" style=\"border: 0px;\" onmouseover=\"this.src='http:\/\/www.ecliente2.com.br\/site\/wp-content\/themes\/boldyy\/images\/ch.gif'\" onmouseout=\"this.src='http:\/\/www.ecliente2.com.br\/site\/wp-content\/themes\/boldyy\/images\/cn.gif'\" src=\"http:\/\/www.ecliente2.com.br\/site\/wp-content\/themes\/boldyy\/images\/cn.gif\" alt=\"\" \/><\/a><\/div>\n<\/div>\n<div class=\"host-dsc2-geral\">\n<div class=\"host-dsc4\"><img decoding=\"async\" class=\"aligncenter\" style=\"border: 0px;\" src=\"http:\/\/www.ecliente2.com.br\/site\/wp-content\/themes\/boldyy\/images\/recb.jpg\" alt=\"\" \/><\/div>\n<div class=\"host-dsc2-tit\">Plano II<\/div>\n<div class=\"host-dsc2\">500Mb<\/div>\n<div class=\"host-dsc2\">Sim<\/div>\n<div class=\"host-dsc2\">40Gb<\/div>\n<div class=\"host-dsc2\">40<\/div>\n<div class=\"host-dsc2\">500<\/div>\n<div class=\"host-dsc2\">\u2713<\/div>\n<div class=\"host-dsc2\">25<\/div>\n<div class=\"host-dsc2\">6<\/div>\n<div class=\"host-dsc2\">\u2713<\/div>\n<div class=\"host-dsc2\">\u2713<\/div>\n<div class=\"host-dsc2\">\u2713<\/div>\n<div class=\"host-dsc2\">R$450,00<\/div>\n<div class=\"host-dsc2\">R$75,00<\/div>\n<div class=\"host-dsc3\"><img decoding=\"async\" class=\"aligncenter\" style=\"border: 0px;\" onmouseover=\"this.src='http:\/\/www.ecliente2.com.br\/site\/wp-content\/themes\/boldyy\/images\/ch.gif'\" onmouseout=\"this.src='http:\/\/www.ecliente2.com.br\/site\/wp-content\/themes\/boldyy\/images\/cn.gif'\" src=\"http:\/\/www.ecliente2.com.br\/site\/wp-content\/themes\/boldyy\/images\/cn.gif\" alt=\"\" \/><\/div>\n<\/div>\n<div class=\"host-dsc2-geral\">\n<div class=\"host-dsc4\"><img decoding=\"async\" class=\"aligncenter\" style=\"border: 0px;\" src=\"http:\/\/www.ecliente2.com.br\/site\/wp-content\/themes\/boldyy\/images\/recb.jpg\" alt=\"\" \/><\/div>\n<div class=\"host-dsc2-tit\">Plano III<\/div>\n<div class=\"host-dsc2\">1Gb<\/div>\n<div class=\"host-dsc2\">Sim<\/div>\n<div class=\"host-dsc2\">80Gb<\/div>\n<div class=\"host-dsc2\">60<\/div>\n<div class=\"host-dsc2\">1000<\/div>\n<div class=\"host-dsc2\">\u2713<\/div>\n<div class=\"host-dsc2\">50+<\/div>\n<div class=\"host-dsc2\">10<\/div>\n<div class=\"host-dsc2\">\u2713<\/div>\n<div class=\"host-dsc2\">\u2713<\/div>\n<div class=\"host-dsc2\">\u2713<\/div>\n<div class=\"host-dsc2\">R$450,00<\/div>\n<div class=\"host-dsc2\">R$95,00<\/div>\n<div class=\"host-dsc3\"><img decoding=\"async\" class=\"aligncenter\" style=\"border: 0px;\" onmouseover=\"this.src='http:\/\/www.ecliente2.com.br\/site\/wp-content\/themes\/boldyy\/images\/ch.gif'\" onmouseout=\"this.src='http:\/\/www.ecliente2.com.br\/site\/wp-content\/themes\/boldyy\/images\/cn.gif'\" src=\"http:\/\/www.ecliente2.com.br\/site\/wp-content\/themes\/boldyy\/images\/cn.gif\" alt=\"\" \/><\/div>\n<\/div>\n<\/div>\n","protected":false},"excerpt":{"rendered":"<p>A eCliente oferece para as Imobili\u00e1rias um sistema completo que permite o gerenciamento do conte\u00fado do site, dando autonomia para atualiza\u00e7\u00e3o de informa\u00e7\u00f5es, fotos e, principalmente, atendimento online aos clientes. Veja os principais recursos Gerenciamento dos im\u00f3veis Gest\u00e3o do conte\u00fado do website, com inclus\u00e3o, altera\u00e7\u00e3o ou exclus\u00e3o de registros com total autonomia para o usu\u00e1rio [&hellip;]<\/p>\n","protected":false},"author":2,"featured_media":0,"parent":8,"menu_order":0,"comment_status":"open","ping_status":"closed","template":"","meta":{"_acf_changed":false,"footnotes":""},"class_list":["post-401","page","type-page","status-publish","hentry"],"acf":[],"yoast_head":"<!-- This site is optimized with the Yoast SEO plugin v27.5 - https:\/\/yoast.com\/product\/yoast-seo-wordpress\/ -->\n<title>Site para imobili\u00e1rias - eCliente Desenvolvimento de Sites e Marketing Digital<\/title>\n<meta name=\"robots\" content=\"index, follow, max-snippet:-1, max-image-preview:large, max-video-preview:-1\" \/>\n<link rel=\"canonical\" href=\"https:\/\/ecliente2.com.br\/site\/sistemas\/site-para-imobiliarias\/\" \/>\n<meta property=\"og:locale\" content=\"pt_BR\" \/>\n<meta property=\"og:type\" content=\"article\" \/>\n<meta property=\"og:title\" content=\"Site para imobili\u00e1rias - eCliente Desenvolvimento de Sites e Marketing Digital\" \/>\n<meta property=\"og:description\" content=\"A eCliente oferece para as Imobili\u00e1rias um sistema completo que permite o gerenciamento do conte\u00fado do site, dando autonomia para atualiza\u00e7\u00e3o de informa\u00e7\u00f5es, fotos e, principalmente, atendimento online aos clientes. Veja os principais recursos Gerenciamento dos im\u00f3veis Gest\u00e3o do conte\u00fado do website, com inclus\u00e3o, altera\u00e7\u00e3o ou exclus\u00e3o de registros com total autonomia para o usu\u00e1rio [&hellip;]\" \/>\n<meta property=\"og:url\" content=\"https:\/\/ecliente2.com.br\/site\/sistemas\/site-para-imobiliarias\/\" \/>\n<meta property=\"og:site_name\" content=\"eCliente Desenvolvimento de Sites e Marketing Digital\" \/>\n<meta property=\"article:publisher\" content=\"https:\/\/www.facebook.com\/ecliente\" \/>\n<meta property=\"article:modified_time\" content=\"2012-10-09T12:11:15+00:00\" \/>\n<meta property=\"og:image\" content=\"http:\/\/ecliente2.com.br\/site\/wp-content\/uploads\/2011\/08\/foto_busca-245x300.png\" \/>\n<meta name=\"twitter:label1\" content=\"Est. tempo de leitura\" \/>\n\t<meta name=\"twitter:data1\" content=\"3 minutos\" \/>\n<script type=\"application\/ld+json\" class=\"yoast-schema-graph\">{\"@context\":\"https:\\\/\\\/schema.org\",\"@graph\":[{\"@type\":\"WebPage\",\"@id\":\"https:\\\/\\\/ecliente2.com.br\\\/site\\\/sistemas\\\/site-para-imobiliarias\\\/\",\"url\":\"https:\\\/\\\/ecliente2.com.br\\\/site\\\/sistemas\\\/site-para-imobiliarias\\\/\",\"name\":\"Site para imobili\u00e1rias - eCliente Desenvolvimento de Sites e Marketing Digital\",\"isPartOf\":{\"@id\":\"https:\\\/\\\/ecliente2.com.br\\\/site\\\/#website\"},\"primaryImageOfPage\":{\"@id\":\"https:\\\/\\\/ecliente2.com.br\\\/site\\\/sistemas\\\/site-para-imobiliarias\\\/#primaryimage\"},\"image\":{\"@id\":\"https:\\\/\\\/ecliente2.com.br\\\/site\\\/sistemas\\\/site-para-imobiliarias\\\/#primaryimage\"},\"thumbnailUrl\":\"http:\\\/\\\/ecliente2.com.br\\\/site\\\/wp-content\\\/uploads\\\/2011\\\/08\\\/foto_busca-245x300.png\",\"datePublished\":\"2011-08-06T13:42:54+00:00\",\"dateModified\":\"2012-10-09T12:11:15+00:00\",\"breadcrumb\":{\"@id\":\"https:\\\/\\\/ecliente2.com.br\\\/site\\\/sistemas\\\/site-para-imobiliarias\\\/#breadcrumb\"},\"inLanguage\":\"pt-BR\",\"potentialAction\":[{\"@type\":\"ReadAction\",\"target\":[\"https:\\\/\\\/ecliente2.com.br\\\/site\\\/sistemas\\\/site-para-imobiliarias\\\/\"]}]},{\"@type\":\"ImageObject\",\"inLanguage\":\"pt-BR\",\"@id\":\"https:\\\/\\\/ecliente2.com.br\\\/site\\\/sistemas\\\/site-para-imobiliarias\\\/#primaryimage\",\"url\":\"http:\\\/\\\/ecliente2.com.br\\\/site\\\/wp-content\\\/uploads\\\/2011\\\/08\\\/foto_busca-245x300.png\",\"contentUrl\":\"http:\\\/\\\/ecliente2.com.br\\\/site\\\/wp-content\\\/uploads\\\/2011\\\/08\\\/foto_busca-245x300.png\"},{\"@type\":\"BreadcrumbList\",\"@id\":\"https:\\\/\\\/ecliente2.com.br\\\/site\\\/sistemas\\\/site-para-imobiliarias\\\/#breadcrumb\",\"itemListElement\":[{\"@type\":\"ListItem\",\"position\":1,\"name\":\"In\u00edcio\",\"item\":\"https:\\\/\\\/ecliente2.com.br\\\/site\\\/\"},{\"@type\":\"ListItem\",\"position\":2,\"name\":\"Sistemas\",\"item\":\"https:\\\/\\\/ecliente2.com.br\\\/site\\\/sistemas\\\/\"},{\"@type\":\"ListItem\",\"position\":3,\"name\":\"Site para imobili\u00e1rias\"}]},{\"@type\":\"WebSite\",\"@id\":\"https:\\\/\\\/ecliente2.com.br\\\/site\\\/#website\",\"url\":\"https:\\\/\\\/ecliente2.com.br\\\/site\\\/\",\"name\":\"eCliente Desenvolvimento de Sites e Marketing Digital\",\"description\":\"Desenvolvimento de Sites e Software\",\"potentialAction\":[{\"@type\":\"SearchAction\",\"target\":{\"@type\":\"EntryPoint\",\"urlTemplate\":\"https:\\\/\\\/ecliente2.com.br\\\/site\\\/?s={search_term_string}\"},\"query-input\":{\"@type\":\"PropertyValueSpecification\",\"valueRequired\":true,\"valueName\":\"search_term_string\"}}],\"inLanguage\":\"pt-BR\"}]}<\/script>\n<!-- \/ Yoast SEO plugin. -->","yoast_head_json":{"title":"Site para imobili\u00e1rias - eCliente Desenvolvimento de Sites e Marketing Digital","robots":{"index":"index","follow":"follow","max-snippet":"max-snippet:-1","max-image-preview":"max-image-preview:large","max-video-preview":"max-video-preview:-1"},"canonical":"https:\/\/ecliente2.com.br\/site\/sistemas\/site-para-imobiliarias\/","og_locale":"pt_BR","og_type":"article","og_title":"Site para imobili\u00e1rias - eCliente Desenvolvimento de Sites e Marketing Digital","og_description":"A eCliente oferece para as Imobili\u00e1rias um sistema completo que permite o gerenciamento do conte\u00fado do site, dando autonomia para atualiza\u00e7\u00e3o de informa\u00e7\u00f5es, fotos e, principalmente, atendimento online aos clientes. Veja os principais recursos Gerenciamento dos im\u00f3veis Gest\u00e3o do conte\u00fado do website, com inclus\u00e3o, altera\u00e7\u00e3o ou exclus\u00e3o de registros com total autonomia para o usu\u00e1rio [&hellip;]","og_url":"https:\/\/ecliente2.com.br\/site\/sistemas\/site-para-imobiliarias\/","og_site_name":"eCliente Desenvolvimento de Sites e Marketing Digital","article_publisher":"https:\/\/www.facebook.com\/ecliente","article_modified_time":"2012-10-09T12:11:15+00:00","og_image":[{"url":"http:\/\/ecliente2.com.br\/site\/wp-content\/uploads\/2011\/08\/foto_busca-245x300.png","type":"","width":"","height":""}],"twitter_misc":{"Est. tempo de leitura":"3 minutos"},"schema":{"@context":"https:\/\/schema.org","@graph":[{"@type":"WebPage","@id":"https:\/\/ecliente2.com.br\/site\/sistemas\/site-para-imobiliarias\/","url":"https:\/\/ecliente2.com.br\/site\/sistemas\/site-para-imobiliarias\/","name":"Site para imobili\u00e1rias - eCliente Desenvolvimento de Sites e Marketing Digital","isPartOf":{"@id":"https:\/\/ecliente2.com.br\/site\/#website"},"primaryImageOfPage":{"@id":"https:\/\/ecliente2.com.br\/site\/sistemas\/site-para-imobiliarias\/#primaryimage"},"image":{"@id":"https:\/\/ecliente2.com.br\/site\/sistemas\/site-para-imobiliarias\/#primaryimage"},"thumbnailUrl":"http:\/\/ecliente2.com.br\/site\/wp-content\/uploads\/2011\/08\/foto_busca-245x300.png","datePublished":"2011-08-06T13:42:54+00:00","dateModified":"2012-10-09T12:11:15+00:00","breadcrumb":{"@id":"https:\/\/ecliente2.com.br\/site\/sistemas\/site-para-imobiliarias\/#breadcrumb"},"inLanguage":"pt-BR","potentialAction":[{"@type":"ReadAction","target":["https:\/\/ecliente2.com.br\/site\/sistemas\/site-para-imobiliarias\/"]}]},{"@type":"ImageObject","inLanguage":"pt-BR","@id":"https:\/\/ecliente2.com.br\/site\/sistemas\/site-para-imobiliarias\/#primaryimage","url":"http:\/\/ecliente2.com.br\/site\/wp-content\/uploads\/2011\/08\/foto_busca-245x300.png","contentUrl":"http:\/\/ecliente2.com.br\/site\/wp-content\/uploads\/2011\/08\/foto_busca-245x300.png"},{"@type":"BreadcrumbList","@id":"https:\/\/ecliente2.com.br\/site\/sistemas\/site-para-imobiliarias\/#breadcrumb","itemListElement":[{"@type":"ListItem","position":1,"name":"In\u00edcio","item":"https:\/\/ecliente2.com.br\/site\/"},{"@type":"ListItem","position":2,"name":"Sistemas","item":"https:\/\/ecliente2.com.br\/site\/sistemas\/"},{"@type":"ListItem","position":3,"name":"Site para imobili\u00e1rias"}]},{"@type":"WebSite","@id":"https:\/\/ecliente2.com.br\/site\/#website","url":"https:\/\/ecliente2.com.br\/site\/","name":"eCliente Desenvolvimento de Sites e Marketing Digital","description":"Desenvolvimento de Sites e Software","potentialAction":[{"@type":"SearchAction","target":{"@type":"EntryPoint","urlTemplate":"https:\/\/ecliente2.com.br\/site\/?s={search_term_string}"},"query-input":{"@type":"PropertyValueSpecification","valueRequired":true,"valueName":"search_term_string"}}],"inLanguage":"pt-BR"}]}},"_links":{"self":[{"href":"https:\/\/ecliente2.com.br\/site\/wp-json\/wp\/v2\/pages\/401","targetHints":{"allow":["GET"]}}],"collection":[{"href":"https:\/\/ecliente2.com.br\/site\/wp-json\/wp\/v2\/pages"}],"about":[{"href":"https:\/\/ecliente2.com.br\/site\/wp-json\/wp\/v2\/types\/page"}],"author":[{"embeddable":true,"href":"https:\/\/ecliente2.com.br\/site\/wp-json\/wp\/v2\/users\/2"}],"replies":[{"embeddable":true,"href":"https:\/\/ecliente2.com.br\/site\/wp-json\/wp\/v2\/comments?post=401"}],"version-history":[{"count":33,"href":"https:\/\/ecliente2.com.br\/site\/wp-json\/wp\/v2\/pages\/401\/revisions"}],"predecessor-version":[{"id":403,"href":"https:\/\/ecliente2.com.br\/site\/wp-json\/wp\/v2\/pages\/401\/revisions\/403"}],"up":[{"embeddable":true,"href":"https:\/\/ecliente2.com.br\/site\/wp-json\/wp\/v2\/pages\/8"}],"wp:attachment":[{"href":"https:\/\/ecliente2.com.br\/site\/wp-json\/wp\/v2\/media?parent=401"}],"curies":[{"name":"wp","href":"https:\/\/api.w.org\/{rel}","templated":true}]}}