{"id":45,"date":"2011-06-06T12:58:04","date_gmt":"2011-06-06T12:58:04","guid":{"rendered":"http:\/\/ecliente2.com.br\/site\/?page_id=45"},"modified":"2020-01-30T13:29:13","modified_gmt":"2020-01-30T13:29:13","slug":"site-para-empresas","status":"publish","type":"page","link":"https:\/\/ecliente2.com.br\/site\/sistemas\/site-para-empresas\/","title":{"rendered":"Site para empresas"},"content":{"rendered":"<p style=\"text-align: justify;\">Ter um site \u00e9 algo fundamental para que uma empresa possa ser vista e encontrada nos mecanismos de busca. A eCliente desenvolve um trabalho diferenciado e profissional, oferecendo ao cliente um servi\u00e7o de qualidade, no prazo e a um pre\u00e7o justo. Al\u00e9m disso, contamos com uma equipe de profissionais especializados nas \u00e1reas de design, tecnologia e web. Sua empresa estar\u00e1 nas m\u00e3os de profissionais qualificados.<\/p>\n<p><strong>Veja alguns trabalhos desenvolvidos pela eCliente<\/strong><\/p>\n<p><img fetchpriority=\"high\" decoding=\"async\" class=\"aligncenter size-full wp-image-1402\" src=\"http:\/\/ecliente2.com.br\/site\/wp-content\/uploads\/2011\/06\/ecliente_sites2.png\" alt=\"ecliente_sites2\" width=\"960\" height=\"400\" srcset=\"https:\/\/ecliente2.com.br\/site\/wp-content\/uploads\/2011\/06\/ecliente_sites2.png 960w, https:\/\/ecliente2.com.br\/site\/wp-content\/uploads\/2011\/06\/ecliente_sites2-300x125.png 300w\" sizes=\"(max-width: 960px) 100vw, 960px\" \/><\/p>\n<p>&nbsp;<\/p>\n<table style=\"margin-bottom: 30px;\" border=\"0\" width=\"100%\">\n<tbody>\n<tr>\n<th style=\"text-align: center;\" scope=\"col\" width=\"25%\"><a href=\"http:\/\/studocursos.com.br\/\" target=\"_blank\">Studo Cursos<\/a><\/th>\n<th style=\"text-align: center;\" scope=\"col\" width=\"50%\"><a href=\"http:\/\/www.bioagri.com.br\" target=\"_blank\">Bioagri Ambiental<\/a><\/th>\n<th style=\"text-align: center;\" scope=\"col\" width=\"22%\"><a href=\"http:\/\/triell.net\/\" target=\"_blank\">Triell<\/a><\/th>\n<\/tr>\n<tr>\n<th style=\"text-align: center;\" scope=\"col\" width=\"25%\"><a href=\"http:\/\/www.espacodabike.com.br\" target=\"_blank\">Espa\u00e7o da Bike<\/a><\/th>\n<th style=\"text-align: center;\" scope=\"col\" width=\"50%\"><a href=\"http:\/\/profelisson.com.br\/\" target=\"_blank\">Professor Elisson<\/a><\/th>\n<th style=\"text-align: center;\" scope=\"col\" width=\"22%\"><a href=\"http:\/\/www.bugbrasil.com.br\" target=\"_blank\">BUG Agentes Biol\u00f3gicos<\/a><\/th>\n<\/tr>\n<\/tbody>\n<\/table>\n<p>Atualmente a eCliente utiliza uma tecnologia baseada no WordPress (software livre). Nosso trabalho consiste em customizar seu site utilizando templates pr\u00e9-definidos ou criando um template personalizado (\u00fanico). A principal vantagem no uso desta tecnologia \u00e9 que o WordPress oferece uma centena de plugins com recursos prontos como formul\u00e1rios de contato, enquetes, \u00e1lbum de fotos, entre outros. Al\u00e9m disso, o WordPress j\u00e1 possui uma \u00e1rea administrativa, permitindo que voc\u00ea tenha total autonomia na alimenta\u00e7\u00e3o do seu site.<\/p>\n<p><strong>Diferencial<\/strong><br \/>\nA eCliente n\u00e3o entrega apenas um site, n\u00f3s nos preocupamos em oferecer um servi\u00e7o completo, que realmente agregue valor \u00e0 sua empresa. Seguindo esta linha de trabalho, oferecemos\u00a0 assessoria completa no uso da ferramenta, gest\u00e3o do conte\u00fado, parcerias, redes sociais, entre outros. Tamb\u00e9m contamos com uma estrutura pr\u00f3pria de servidores, n\u00e3o dependendo de nenhuma outra hospedagem.<\/p>\n<p><strong>Qualidade<\/strong><br \/>\nTodo o trabalho de desenvolvimento do site, da reuni\u00e3o inicial at\u00e9 a entrega do projeto, segue um roteiro r\u00edgido, para que nenhum detalhe seja esquecido.<\/p>\n<p><strong>S\u00f3 empresas ?<\/strong><br \/>\nEste trabalho desenvolvido pela eCliente n\u00e3o atende apenas website empresariais, mas tamb\u00e9m qualquer outra \u00e1rea de neg\u00f3cio que precisa de um website para interagir com seu p\u00fablico alvo como sites para congressos, institui\u00e7\u00f5es de ensino, grupos de pesquisa, eventos, entre outros.<\/p>\n<p><strong>Contrata\u00e7\u00e3o<\/strong><br \/>\nEntre em contato com nossa equipe comercial pelo eMail contato@ecliente.com.br ou pelo telefone (19)3371-2086<\/p>\n<p><strong>Quais s\u00e3o os servi\u00e7os que a eCliente oferece?<\/strong><br \/>\nA eCliente inform\u00e1tica presta os seguintes servi\u00e7os para o empres\u00e1rio:<\/p>\n<ul>\n<li>Registramos o site da sua empresa na internet (www.suaempresa.com.br)\u00a0 junto ao \u00f3rg\u00e3o respons\u00e1vel (REGISTRO.BR).<\/li>\n<li>Criamos as contas de e-Mail e direcionamentos necess\u00e1rios.<\/li>\n<li>Instalamos o WordPress.<\/li>\n<li>Possu\u00edmos um profissional de designer exclusivo para desenvolver a identidade visual do seu site.<\/li>\n<li>Oferecemos treinamento para uso das ferramentas, dando autonomia para que voc\u00ea mantenha o site atualizado, ou se preferir, nossa equipe cuidar\u00e1 o site.<\/li>\n<li>Prestamos assessoria na estrutura\u00e7\u00e3o do conte\u00fado, integra\u00e7ao com redes sociais e ferramentas do Google (Analytics, AdWords, Blogs).<\/li>\n<li>Possu\u00edmos uma equipe t\u00e9cnica para produ\u00e7\u00e3o de material visual como banners, \u00edcones,formul\u00e1rios, entre outros.<\/li>\n<li>Voc\u00ea ter\u00e1 um suporte t\u00e9cnico especializado, com atendimento em hor\u00e1rio comercial via fone, msn, skype ou em nosso escrit\u00f3rio.<\/li>\n<\/ul>\n<p><a href=\"http:\/\/ecliente2.com.br\/site\/servicos\/hospedagem-de-sites\/\"><img decoding=\"async\" class=\"aligncenter size-full wp-image-1193\" src=\"http:\/\/ecliente2.com.br\/site\/wp-content\/uploads\/2011\/06\/host.png\" alt=\"host\" width=\"960\" height=\"250\" srcset=\"https:\/\/ecliente2.com.br\/site\/wp-content\/uploads\/2011\/06\/host.png 960w, https:\/\/ecliente2.com.br\/site\/wp-content\/uploads\/2011\/06\/host-300x78.png 300w\" sizes=\"(max-width: 960px) 100vw, 960px\" \/><\/a><\/p>\n<p>&nbsp;<\/p>\n","protected":false},"excerpt":{"rendered":"<p>Ter um site \u00e9 algo fundamental para que uma empresa possa ser vista e encontrada nos mecanismos de busca. A eCliente desenvolve um trabalho diferenciado e profissional, oferecendo ao cliente um servi\u00e7o de qualidade, no prazo e a um pre\u00e7o justo. Al\u00e9m disso, contamos com uma equipe de profissionais especializados nas \u00e1reas de design, tecnologia [&hellip;]<\/p>\n","protected":false},"author":2,"featured_media":0,"parent":8,"menu_order":0,"comment_status":"open","ping_status":"closed","template":"","meta":{"_acf_changed":false,"footnotes":""},"class_list":["post-45","page","type-page","status-publish","hentry"],"acf":[],"yoast_head":"<!-- This site is optimized with the Yoast SEO plugin v27.5 - https:\/\/yoast.com\/product\/yoast-seo-wordpress\/ -->\n<title>Cria\u00e7\u00e3o de Sites para Empresas<\/title>\n<meta name=\"description\" content=\"D\u00ea uma nova cara para o site da sua empresa. Criamos o site e\/ou atualizamos o conte\u00fado. Assim voc\u00ea poder\u00e1 aparecer nas buscas do Google.\" \/>\n<meta name=\"robots\" content=\"index, follow, max-snippet:-1, max-image-preview:large, max-video-preview:-1\" \/>\n<link rel=\"canonical\" href=\"https:\/\/ecliente2.com.br\/site\/sistemas\/site-para-empresas\/\" \/>\n<meta property=\"og:locale\" content=\"pt_BR\" \/>\n<meta property=\"og:type\" content=\"article\" \/>\n<meta property=\"og:title\" content=\"Cria\u00e7\u00e3o de Sites para Empresas\" \/>\n<meta property=\"og:description\" content=\"D\u00ea uma nova cara para o site da sua empresa. Criamos o site e\/ou atualizamos o conte\u00fado. Assim voc\u00ea poder\u00e1 aparecer nas buscas do Google.\" \/>\n<meta property=\"og:url\" content=\"https:\/\/ecliente2.com.br\/site\/sistemas\/site-para-empresas\/\" \/>\n<meta property=\"og:site_name\" content=\"eCliente Desenvolvimento de Sites e Marketing Digital\" \/>\n<meta property=\"article:publisher\" content=\"https:\/\/www.facebook.com\/ecliente\" \/>\n<meta property=\"article:modified_time\" content=\"2020-01-30T13:29:13+00:00\" \/>\n<meta property=\"og:image\" content=\"http:\/\/ecliente2.com.br\/site\/wp-content\/uploads\/2011\/06\/ecliente_sites2.png\" \/>\n<meta name=\"twitter:label1\" content=\"Est. tempo de leitura\" \/>\n\t<meta name=\"twitter:data1\" content=\"2 minutos\" \/>\n<script type=\"application\/ld+json\" class=\"yoast-schema-graph\">{\"@context\":\"https:\\\/\\\/schema.org\",\"@graph\":[{\"@type\":\"WebPage\",\"@id\":\"https:\\\/\\\/ecliente2.com.br\\\/site\\\/sistemas\\\/site-para-empresas\\\/\",\"url\":\"https:\\\/\\\/ecliente2.com.br\\\/site\\\/sistemas\\\/site-para-empresas\\\/\",\"name\":\"Cria\u00e7\u00e3o de Sites para Empresas\",\"isPartOf\":{\"@id\":\"https:\\\/\\\/ecliente2.com.br\\\/site\\\/#website\"},\"primaryImageOfPage\":{\"@id\":\"https:\\\/\\\/ecliente2.com.br\\\/site\\\/sistemas\\\/site-para-empresas\\\/#primaryimage\"},\"image\":{\"@id\":\"https:\\\/\\\/ecliente2.com.br\\\/site\\\/sistemas\\\/site-para-empresas\\\/#primaryimage\"},\"thumbnailUrl\":\"http:\\\/\\\/ecliente2.com.br\\\/site\\\/wp-content\\\/uploads\\\/2011\\\/06\\\/ecliente_sites2.png\",\"datePublished\":\"2011-06-06T12:58:04+00:00\",\"dateModified\":\"2020-01-30T13:29:13+00:00\",\"description\":\"D\u00ea uma nova cara para o site da sua empresa. Criamos o site e\\\/ou atualizamos o conte\u00fado. Assim voc\u00ea poder\u00e1 aparecer nas buscas do Google.\",\"breadcrumb\":{\"@id\":\"https:\\\/\\\/ecliente2.com.br\\\/site\\\/sistemas\\\/site-para-empresas\\\/#breadcrumb\"},\"inLanguage\":\"pt-BR\",\"potentialAction\":[{\"@type\":\"ReadAction\",\"target\":[\"https:\\\/\\\/ecliente2.com.br\\\/site\\\/sistemas\\\/site-para-empresas\\\/\"]}]},{\"@type\":\"ImageObject\",\"inLanguage\":\"pt-BR\",\"@id\":\"https:\\\/\\\/ecliente2.com.br\\\/site\\\/sistemas\\\/site-para-empresas\\\/#primaryimage\",\"url\":\"http:\\\/\\\/ecliente2.com.br\\\/site\\\/wp-content\\\/uploads\\\/2011\\\/06\\\/ecliente_sites2.png\",\"contentUrl\":\"http:\\\/\\\/ecliente2.com.br\\\/site\\\/wp-content\\\/uploads\\\/2011\\\/06\\\/ecliente_sites2.png\"},{\"@type\":\"BreadcrumbList\",\"@id\":\"https:\\\/\\\/ecliente2.com.br\\\/site\\\/sistemas\\\/site-para-empresas\\\/#breadcrumb\",\"itemListElement\":[{\"@type\":\"ListItem\",\"position\":1,\"name\":\"In\u00edcio\",\"item\":\"https:\\\/\\\/ecliente2.com.br\\\/site\\\/\"},{\"@type\":\"ListItem\",\"position\":2,\"name\":\"Sistemas\",\"item\":\"https:\\\/\\\/ecliente2.com.br\\\/site\\\/sistemas\\\/\"},{\"@type\":\"ListItem\",\"position\":3,\"name\":\"Site para empresas\"}]},{\"@type\":\"WebSite\",\"@id\":\"https:\\\/\\\/ecliente2.com.br\\\/site\\\/#website\",\"url\":\"https:\\\/\\\/ecliente2.com.br\\\/site\\\/\",\"name\":\"eCliente Desenvolvimento de Sites e Marketing Digital\",\"description\":\"Desenvolvimento de Sites e Software\",\"potentialAction\":[{\"@type\":\"SearchAction\",\"target\":{\"@type\":\"EntryPoint\",\"urlTemplate\":\"https:\\\/\\\/ecliente2.com.br\\\/site\\\/?s={search_term_string}\"},\"query-input\":{\"@type\":\"PropertyValueSpecification\",\"valueRequired\":true,\"valueName\":\"search_term_string\"}}],\"inLanguage\":\"pt-BR\"}]}<\/script>\n<!-- \/ Yoast SEO plugin. -->","yoast_head_json":{"title":"Cria\u00e7\u00e3o de Sites para Empresas","description":"D\u00ea uma nova cara para o site da sua empresa. Criamos o site e\/ou atualizamos o conte\u00fado. Assim voc\u00ea poder\u00e1 aparecer nas buscas do Google.","robots":{"index":"index","follow":"follow","max-snippet":"max-snippet:-1","max-image-preview":"max-image-preview:large","max-video-preview":"max-video-preview:-1"},"canonical":"https:\/\/ecliente2.com.br\/site\/sistemas\/site-para-empresas\/","og_locale":"pt_BR","og_type":"article","og_title":"Cria\u00e7\u00e3o de Sites para Empresas","og_description":"D\u00ea uma nova cara para o site da sua empresa. Criamos o site e\/ou atualizamos o conte\u00fado. Assim voc\u00ea poder\u00e1 aparecer nas buscas do Google.","og_url":"https:\/\/ecliente2.com.br\/site\/sistemas\/site-para-empresas\/","og_site_name":"eCliente Desenvolvimento de Sites e Marketing Digital","article_publisher":"https:\/\/www.facebook.com\/ecliente","article_modified_time":"2020-01-30T13:29:13+00:00","og_image":[{"url":"http:\/\/ecliente2.com.br\/site\/wp-content\/uploads\/2011\/06\/ecliente_sites2.png","type":"","width":"","height":""}],"twitter_misc":{"Est. tempo de leitura":"2 minutos"},"schema":{"@context":"https:\/\/schema.org","@graph":[{"@type":"WebPage","@id":"https:\/\/ecliente2.com.br\/site\/sistemas\/site-para-empresas\/","url":"https:\/\/ecliente2.com.br\/site\/sistemas\/site-para-empresas\/","name":"Cria\u00e7\u00e3o de Sites para Empresas","isPartOf":{"@id":"https:\/\/ecliente2.com.br\/site\/#website"},"primaryImageOfPage":{"@id":"https:\/\/ecliente2.com.br\/site\/sistemas\/site-para-empresas\/#primaryimage"},"image":{"@id":"https:\/\/ecliente2.com.br\/site\/sistemas\/site-para-empresas\/#primaryimage"},"thumbnailUrl":"http:\/\/ecliente2.com.br\/site\/wp-content\/uploads\/2011\/06\/ecliente_sites2.png","datePublished":"2011-06-06T12:58:04+00:00","dateModified":"2020-01-30T13:29:13+00:00","description":"D\u00ea uma nova cara para o site da sua empresa. Criamos o site e\/ou atualizamos o conte\u00fado. Assim voc\u00ea poder\u00e1 aparecer nas buscas do Google.","breadcrumb":{"@id":"https:\/\/ecliente2.com.br\/site\/sistemas\/site-para-empresas\/#breadcrumb"},"inLanguage":"pt-BR","potentialAction":[{"@type":"ReadAction","target":["https:\/\/ecliente2.com.br\/site\/sistemas\/site-para-empresas\/"]}]},{"@type":"ImageObject","inLanguage":"pt-BR","@id":"https:\/\/ecliente2.com.br\/site\/sistemas\/site-para-empresas\/#primaryimage","url":"http:\/\/ecliente2.com.br\/site\/wp-content\/uploads\/2011\/06\/ecliente_sites2.png","contentUrl":"http:\/\/ecliente2.com.br\/site\/wp-content\/uploads\/2011\/06\/ecliente_sites2.png"},{"@type":"BreadcrumbList","@id":"https:\/\/ecliente2.com.br\/site\/sistemas\/site-para-empresas\/#breadcrumb","itemListElement":[{"@type":"ListItem","position":1,"name":"In\u00edcio","item":"https:\/\/ecliente2.com.br\/site\/"},{"@type":"ListItem","position":2,"name":"Sistemas","item":"https:\/\/ecliente2.com.br\/site\/sistemas\/"},{"@type":"ListItem","position":3,"name":"Site para empresas"}]},{"@type":"WebSite","@id":"https:\/\/ecliente2.com.br\/site\/#website","url":"https:\/\/ecliente2.com.br\/site\/","name":"eCliente Desenvolvimento de Sites e Marketing Digital","description":"Desenvolvimento de Sites e Software","potentialAction":[{"@type":"SearchAction","target":{"@type":"EntryPoint","urlTemplate":"https:\/\/ecliente2.com.br\/site\/?s={search_term_string}"},"query-input":{"@type":"PropertyValueSpecification","valueRequired":true,"valueName":"search_term_string"}}],"inLanguage":"pt-BR"}]}},"_links":{"self":[{"href":"https:\/\/ecliente2.com.br\/site\/wp-json\/wp\/v2\/pages\/45","targetHints":{"allow":["GET"]}}],"collection":[{"href":"https:\/\/ecliente2.com.br\/site\/wp-json\/wp\/v2\/pages"}],"about":[{"href":"https:\/\/ecliente2.com.br\/site\/wp-json\/wp\/v2\/types\/page"}],"author":[{"embeddable":true,"href":"https:\/\/ecliente2.com.br\/site\/wp-json\/wp\/v2\/users\/2"}],"replies":[{"embeddable":true,"href":"https:\/\/ecliente2.com.br\/site\/wp-json\/wp\/v2\/comments?post=45"}],"version-history":[{"count":82,"href":"https:\/\/ecliente2.com.br\/site\/wp-json\/wp\/v2\/pages\/45\/revisions"}],"predecessor-version":[{"id":2421,"href":"https:\/\/ecliente2.com.br\/site\/wp-json\/wp\/v2\/pages\/45\/revisions\/2421"}],"up":[{"embeddable":true,"href":"https:\/\/ecliente2.com.br\/site\/wp-json\/wp\/v2\/pages\/8"}],"wp:attachment":[{"href":"https:\/\/ecliente2.com.br\/site\/wp-json\/wp\/v2\/media?parent=45"}],"curies":[{"name":"wp","href":"https:\/\/api.w.org\/{rel}","templated":true}]}}