{"id":7721,"date":"2025-08-20T17:42:58","date_gmt":"2025-08-20T17:42:58","guid":{"rendered":"https:\/\/ecliente2.com.br\/site\/?page_id=7721"},"modified":"2025-08-20T17:43:00","modified_gmt":"2025-08-20T17:43:00","slug":"instrucao-de-exclusao-de-dados","status":"publish","type":"page","link":"https:\/\/ecliente2.com.br\/site\/instrucao-de-exclusao-de-dados\/","title":{"rendered":"Instru\u00e7\u00e3o de exclus\u00e3o de dados"},"content":{"rendered":"\n<p>Para solicitar a exclus\u00e3o de dados, por gentileza, enviar e-mail para contato@ecliente.com.br <\/p>\n","protected":false},"excerpt":{"rendered":"<p>Para solicitar a exclus\u00e3o de dados, por gentileza, enviar e-mail para contato@ecliente.com.br<\/p>\n","protected":false},"author":2,"featured_media":0,"parent":0,"menu_order":0,"comment_status":"closed","ping_status":"closed","template":"","meta":{"_acf_changed":false,"footnotes":""},"class_list":["post-7721","page","type-page","status-publish","hentry"],"acf":[],"yoast_head":"<!-- This site is optimized with the Yoast SEO plugin v27.5 - https:\/\/yoast.com\/product\/yoast-seo-wordpress\/ -->\n<title>Instru\u00e7\u00e3o de exclus\u00e3o de dados - eCliente Desenvolvimento de Sites e Marketing Digital<\/title>\n<meta name=\"robots\" content=\"index, follow, max-snippet:-1, max-image-preview:large, max-video-preview:-1\" \/>\n<link rel=\"canonical\" href=\"https:\/\/ecliente2.com.br\/site\/instrucao-de-exclusao-de-dados\/\" \/>\n<meta property=\"og:locale\" content=\"pt_BR\" \/>\n<meta property=\"og:type\" content=\"article\" \/>\n<meta property=\"og:title\" content=\"Instru\u00e7\u00e3o de exclus\u00e3o de dados - eCliente Desenvolvimento de Sites e Marketing Digital\" \/>\n<meta property=\"og:description\" content=\"Para solicitar a exclus\u00e3o de dados, por gentileza, enviar e-mail para contato@ecliente.com.br\" \/>\n<meta property=\"og:url\" content=\"https:\/\/ecliente2.com.br\/site\/instrucao-de-exclusao-de-dados\/\" \/>\n<meta property=\"og:site_name\" content=\"eCliente Desenvolvimento de Sites e Marketing Digital\" \/>\n<meta property=\"article:publisher\" content=\"https:\/\/www.facebook.com\/ecliente\" \/>\n<meta property=\"article:modified_time\" content=\"2025-08-20T17:43:00+00:00\" \/>\n<meta name=\"twitter:label1\" content=\"Est. tempo de leitura\" \/>\n\t<meta name=\"twitter:data1\" content=\"1 minuto\" \/>\n<script type=\"application\/ld+json\" class=\"yoast-schema-graph\">{\"@context\":\"https:\\\/\\\/schema.org\",\"@graph\":[{\"@type\":\"WebPage\",\"@id\":\"https:\\\/\\\/ecliente2.com.br\\\/site\\\/instrucao-de-exclusao-de-dados\\\/\",\"url\":\"https:\\\/\\\/ecliente2.com.br\\\/site\\\/instrucao-de-exclusao-de-dados\\\/\",\"name\":\"Instru\u00e7\u00e3o de exclus\u00e3o de dados - eCliente Desenvolvimento de Sites e Marketing Digital\",\"isPartOf\":{\"@id\":\"https:\\\/\\\/ecliente2.com.br\\\/site\\\/#website\"},\"datePublished\":\"2025-08-20T17:42:58+00:00\",\"dateModified\":\"2025-08-20T17:43:00+00:00\",\"breadcrumb\":{\"@id\":\"https:\\\/\\\/ecliente2.com.br\\\/site\\\/instrucao-de-exclusao-de-dados\\\/#breadcrumb\"},\"inLanguage\":\"pt-BR\",\"potentialAction\":[{\"@type\":\"ReadAction\",\"target\":[\"https:\\\/\\\/ecliente2.com.br\\\/site\\\/instrucao-de-exclusao-de-dados\\\/\"]}]},{\"@type\":\"BreadcrumbList\",\"@id\":\"https:\\\/\\\/ecliente2.com.br\\\/site\\\/instrucao-de-exclusao-de-dados\\\/#breadcrumb\",\"itemListElement\":[{\"@type\":\"ListItem\",\"position\":1,\"name\":\"In\u00edcio\",\"item\":\"https:\\\/\\\/ecliente2.com.br\\\/site\\\/\"},{\"@type\":\"ListItem\",\"position\":2,\"name\":\"Instru\u00e7\u00e3o de exclus\u00e3o de dados\"}]},{\"@type\":\"WebSite\",\"@id\":\"https:\\\/\\\/ecliente2.com.br\\\/site\\\/#website\",\"url\":\"https:\\\/\\\/ecliente2.com.br\\\/site\\\/\",\"name\":\"eCliente Desenvolvimento de Sites e Marketing Digital\",\"description\":\"Desenvolvimento de Sites e Software\",\"potentialAction\":[{\"@type\":\"SearchAction\",\"target\":{\"@type\":\"EntryPoint\",\"urlTemplate\":\"https:\\\/\\\/ecliente2.com.br\\\/site\\\/?s={search_term_string}\"},\"query-input\":{\"@type\":\"PropertyValueSpecification\",\"valueRequired\":true,\"valueName\":\"search_term_string\"}}],\"inLanguage\":\"pt-BR\"}]}<\/script>\n<!-- \/ Yoast SEO plugin. -->","yoast_head_json":{"title":"Instru\u00e7\u00e3o de exclus\u00e3o de dados - eCliente Desenvolvimento de Sites e Marketing Digital","robots":{"index":"index","follow":"follow","max-snippet":"max-snippet:-1","max-image-preview":"max-image-preview:large","max-video-preview":"max-video-preview:-1"},"canonical":"https:\/\/ecliente2.com.br\/site\/instrucao-de-exclusao-de-dados\/","og_locale":"pt_BR","og_type":"article","og_title":"Instru\u00e7\u00e3o de exclus\u00e3o de dados - eCliente Desenvolvimento de Sites e Marketing Digital","og_description":"Para solicitar a exclus\u00e3o de dados, por gentileza, enviar e-mail para contato@ecliente.com.br","og_url":"https:\/\/ecliente2.com.br\/site\/instrucao-de-exclusao-de-dados\/","og_site_name":"eCliente Desenvolvimento de Sites e Marketing Digital","article_publisher":"https:\/\/www.facebook.com\/ecliente","article_modified_time":"2025-08-20T17:43:00+00:00","twitter_misc":{"Est. tempo de leitura":"1 minuto"},"schema":{"@context":"https:\/\/schema.org","@graph":[{"@type":"WebPage","@id":"https:\/\/ecliente2.com.br\/site\/instrucao-de-exclusao-de-dados\/","url":"https:\/\/ecliente2.com.br\/site\/instrucao-de-exclusao-de-dados\/","name":"Instru\u00e7\u00e3o de exclus\u00e3o de dados - eCliente Desenvolvimento de Sites e Marketing Digital","isPartOf":{"@id":"https:\/\/ecliente2.com.br\/site\/#website"},"datePublished":"2025-08-20T17:42:58+00:00","dateModified":"2025-08-20T17:43:00+00:00","breadcrumb":{"@id":"https:\/\/ecliente2.com.br\/site\/instrucao-de-exclusao-de-dados\/#breadcrumb"},"inLanguage":"pt-BR","potentialAction":[{"@type":"ReadAction","target":["https:\/\/ecliente2.com.br\/site\/instrucao-de-exclusao-de-dados\/"]}]},{"@type":"BreadcrumbList","@id":"https:\/\/ecliente2.com.br\/site\/instrucao-de-exclusao-de-dados\/#breadcrumb","itemListElement":[{"@type":"ListItem","position":1,"name":"In\u00edcio","item":"https:\/\/ecliente2.com.br\/site\/"},{"@type":"ListItem","position":2,"name":"Instru\u00e7\u00e3o de exclus\u00e3o de dados"}]},{"@type":"WebSite","@id":"https:\/\/ecliente2.com.br\/site\/#website","url":"https:\/\/ecliente2.com.br\/site\/","name":"eCliente Desenvolvimento de Sites e Marketing Digital","description":"Desenvolvimento de Sites e Software","potentialAction":[{"@type":"SearchAction","target":{"@type":"EntryPoint","urlTemplate":"https:\/\/ecliente2.com.br\/site\/?s={search_term_string}"},"query-input":{"@type":"PropertyValueSpecification","valueRequired":true,"valueName":"search_term_string"}}],"inLanguage":"pt-BR"}]}},"_links":{"self":[{"href":"https:\/\/ecliente2.com.br\/site\/wp-json\/wp\/v2\/pages\/7721","targetHints":{"allow":["GET"]}}],"collection":[{"href":"https:\/\/ecliente2.com.br\/site\/wp-json\/wp\/v2\/pages"}],"about":[{"href":"https:\/\/ecliente2.com.br\/site\/wp-json\/wp\/v2\/types\/page"}],"author":[{"embeddable":true,"href":"https:\/\/ecliente2.com.br\/site\/wp-json\/wp\/v2\/users\/2"}],"replies":[{"embeddable":true,"href":"https:\/\/ecliente2.com.br\/site\/wp-json\/wp\/v2\/comments?post=7721"}],"version-history":[{"count":1,"href":"https:\/\/ecliente2.com.br\/site\/wp-json\/wp\/v2\/pages\/7721\/revisions"}],"predecessor-version":[{"id":7722,"href":"https:\/\/ecliente2.com.br\/site\/wp-json\/wp\/v2\/pages\/7721\/revisions\/7722"}],"wp:attachment":[{"href":"https:\/\/ecliente2.com.br\/site\/wp-json\/wp\/v2\/media?parent=7721"}],"curies":[{"name":"wp","href":"https:\/\/api.w.org\/{rel}","templated":true}]}}