{"id":7726,"date":"2025-09-01T19:16:29","date_gmt":"2025-09-01T19:16:29","guid":{"rendered":"https:\/\/ecliente2.com.br\/site\/?page_id=7726"},"modified":"2025-09-01T19:17:15","modified_gmt":"2025-09-01T19:17:15","slug":"politica-de-privacidade-hapice","status":"publish","type":"page","link":"https:\/\/ecliente2.com.br\/site\/politica-de-privacidade-hapice\/","title":{"rendered":"Politica de Privacidade Hapice Producoes"},"content":{"rendered":"\n<p><strong>TERMOS DA POL\u00cdTICA DE PRIVACIDADE DA CONTRATADA<\/strong><\/p>\n\n\n\n<p>Leia com aten\u00e7\u00e3o aos termos desta Pol\u00edtica de privacidade antes de fornecer informa\u00e7\u00f5es e dados e\/ou utilizar os servi\u00e7os da CONTRATADA Inform\u00e1tica Ltda!<\/p>\n\n\n\n<p>A\u00a0<strong>Hapice Producoes<\/strong>, pessoa jur\u00eddica registrada sob o CNPJ n.\u00a0<strong>18.043.350\/0001-09<\/strong>, localizada na Rua Coronel Luiz J\u00falio, 2032 &#8211; Lagoa Nova, Natal, denominada neste termo como\u00a0<strong>CONTRATADA<\/strong>, compartilha nesta p\u00e1gina os termos de sua pol\u00edtica de privacidade na utiliza\u00e7\u00e3o do aplicativo\u00a0<strong>Hapice Producoes<\/strong>, a seguir expostos.<\/p>\n\n\n\n<p><strong>DA FINALIDADE<\/strong><\/p>\n\n\n\n<p>Os termos da pol\u00edtica de privacidade t\u00eam como finalidade informar, esclarecer, e dar ci\u00eancia inequ\u00edvoca aos contratantes da&nbsp;<strong>CONTRATADA&nbsp;<\/strong>e a todo e qualquer usu\u00e1rio do aplicativo, de site da&nbsp;&nbsp;<strong>CONTRATADA&nbsp;&nbsp;<\/strong>e locais afins, quanto ao tratamento, acesso, uso e destina\u00e7\u00e3o de seus dados pessoais, \u00e0s informa\u00e7\u00f5es relacionadas ao seu evento e outras eventuais informa\u00e7\u00f5es e dados que sejam tratados no aplicativo, agindo com total transpar\u00eancia perante seus usu\u00e1rios.<\/p>\n\n\n\n<p><strong>DA CONCORD\u00c2NCIA\/ DO CONSENTIMENTO<\/strong><\/p>\n\n\n\n<p>OS USU\u00c1RIOS DECLARAM INEQUIVOCAMENTE QUE CONCORDAM COM OS TERMOS DA POL\u00cdTICA DE PRIVACIDADE DA CONTRATADA.<\/p>\n\n\n\n<p>Caso o usu\u00e1rio n\u00e3o concorde com os termos de privacidade, n\u00e3o poder\u00e1 ter acesso ao aplicativo para consultar informa\u00e7\u00f5es do evento, ou para qualquer outro fim.<\/p>\n\n\n\n<p>CASO O USU\u00c1RIO INSTALE O APLICATIVO EM SEU APARELHO DE CELULAR OU O ACESSE POR QUALQUER MEIO, ESTAR\u00c1 AUTOMATICAMENTE MANIFESTANDO COM ISSO QUE CONCORDA E ACEITA OS TERMOS DA POL\u00cdTICA DE PRIVACIDADE DA CONTRATADA.<\/p>\n\n\n\n<p>O termo de pol\u00edtica de privacidade da&nbsp;<strong>CONTRATADA&nbsp;<\/strong>estar\u00e1 dispon\u00edvel a qualquer tempo para consulta em link pr\u00f3prio dentro do aplicativo e poder\u00e1 sofrer modifica\u00e7\u00e3o sempre que necess\u00e1rio, sem necessidade de pr\u00e9via comunica\u00e7\u00e3o ou autoriza\u00e7\u00e3o dos usu\u00e1rios, os quais ficam sujeitos aos seus termos.<\/p>\n\n\n\n<p><strong>Link: https:\/\/ecliente2.com.br\/site\/politica-de-privacidade-hapice\/<\/strong><\/p>\n\n\n\n<p><strong>DOS DADOS<\/strong><\/p>\n\n\n\n<p>Os dados coletados s\u00e3o divididos em DADOS DE ATIVIDADE, DADOS PESSOAIS, DADOS FINANCEIROS e DADOS DO EVENTO.<\/p>\n\n\n\n<p>A&nbsp;<strong>CONTRATADA&nbsp;<\/strong>coleta e armazena automaticamente alguns DADOS DE ATIVIDADE dos usu\u00e1rios, a exemplo: o navegador que utilizam,&nbsp; IP de acesso, MAC ADDRESS, atividades realizadas dentro do aplicativo, as buscas realizadas, mensagens inseridas, dentre outras.<\/p>\n\n\n\n<p>Os dados pessoais s\u00e3o as informa\u00e7\u00f5es que identificam e dizem respeito ao usu\u00e1rio, como nome, endere\u00e7o, telefones de contato, endere\u00e7os e-mail e contato nas redes sociais, entre outros afins.<\/p>\n\n\n\n<p>Os dados financeiros s\u00e3o as informa\u00e7\u00f5es de pagamentos realizadas entre o aluno e a empresa de formatura como os pagamentos realizados, pagamentos futuros e pagamentos pendentes, entre outros afins.<\/p>\n\n\n\n<p>Os dados do evento s\u00e3o todas as informa\u00e7\u00f5es necess\u00e1rias para a organiza\u00e7\u00e3o do evento e permitir a personaliza\u00e7\u00e3o ou organiza\u00e7\u00e3o do evento para aquele aluno e toda e qualquer informa\u00e7\u00e3o que o usu\u00e1rio inserir sobre o evento, entre outros afins.<\/p>\n\n\n\n<p><strong>DA PROTE\u00c7\u00c3O E ARMAZENAMENTO<\/strong><\/p>\n\n\n\n<p>A&nbsp;<strong>CONTRATADA&nbsp;<\/strong>poder\u00e1 a qualquer tempo acessar, coletar, armazenar se valer e at\u00e9 mesmo revelar nos termos desta pol\u00edtica de privacidade, de dados e informa\u00e7\u00f5es de seus usu\u00e1rios.<\/p>\n\n\n\n<p>A&nbsp;<strong>CONTRATADA&nbsp;<\/strong>disponibiliza as informa\u00e7\u00f5es e dados dos usu\u00e1rios ou inseridas por eles, com a empresa respons\u00e1vel pela organiza\u00e7\u00e3o do seu evento.<\/p>\n\n\n\n<p>A&nbsp;<strong>CONTRATADA&nbsp;<\/strong>poder\u00e1 ainda disponibilizar dados a eventuais parceiros e aliados da&nbsp;<strong>CONTRATADA<\/strong>, solicitando aos mesmos a manuten\u00e7\u00e3o do sigilo e cuidado devido sobre tais dados.<\/p>\n\n\n\n<p>A&nbsp;<strong>CONTRATADA&nbsp;<\/strong>poder\u00e1 ainda em algumas situa\u00e7\u00f5es, compartilhar estes dados e informa\u00e7\u00f5es com autoridades e entes, quando legitimamente requisitos, em especial mediante solicita\u00e7\u00e3o ou ordem judicial, e a membros do Programa de Prote\u00e7\u00e3o \u00e0 Propriedade Intelectual, podendo ainda compartilh\u00e1-los com pessoas f\u00edsicas ou jur\u00eddicas que aleguem ter sido lesadas por usu\u00e1rios cadastrados.<\/p>\n\n\n\n<p>Quanto \u00e0 seguran\u00e7a dos dados, todas as informa\u00e7\u00f5es armazenadas pela&nbsp;<strong>CONTRATADA&nbsp;<\/strong>ficar\u00e3o hospedadas em servidores seguros, com criptografia, acesso restrito do banco de dados, bem como sistemas de firewall, redund\u00e2ncia de acesso, bem como backups di\u00e1rios.<\/p>\n\n\n\n<p>As informa\u00e7\u00f5es e dados contidos em mensagens trocadas no m\u00f3dulo de mensagens do aplicativo denominado\u00a0<strong>APP\u00a0Hapice Producoes<\/strong>,\u00a0 destinam-se exclusivamente para a comunica\u00e7\u00e3o com a empresa de formatura contratada, e n\u00e3o s\u00e3o compartilhadas com outrem, salvo nos casos mencionados nesta pol\u00edtica de privacidade.<\/p>\n\n\n\n<p>A&nbsp;<strong>CONTRATADA&nbsp;<\/strong>poder\u00e1 utilizar dos endere\u00e7os de e-mails ou contatos do usu\u00e1rio para: envio de correspond\u00eancias, informativos promocionais, informativos institucionais, envio de informa\u00e7\u00f5es e\/ou obten\u00e7\u00e3o de confirma\u00e7\u00f5es relacionadas ao uso do aplicativo.<\/p>\n\n\n\n<p>A qualquer momento o usu\u00e1rio poder\u00e1 solicitar a exclus\u00e3o de seus dados ou o cancelamento de cadastro, desde que o fa\u00e7a expressamente perante a&nbsp;<strong>CONTRATADA<\/strong>, excetuando-se a possibilidade de excluir dados que a lei preveja o dever de manuten\u00e7\u00e3o pela&nbsp;<strong>CONTRATADA<\/strong>.<\/p>\n\n\n\n<p><strong>DAS RESPONSABILIDADES DO USU\u00c1RIO<\/strong><\/p>\n\n\n\n<p>O usu\u00e1rio se compromete a criar senhas que sigam condi\u00e7\u00f5es m\u00ednimas de seguran\u00e7a, n\u00e3o devendo utilizar: senhas que contenham nomes simples, dados do usu\u00e1rio de f\u00e1cil conhecimento, senhas de contas banc\u00e1rias ou afins, senha que contenham combina\u00e7\u00f5es que podem ser facilmente identificadas.<\/p>\n\n\n\n<p>O usu\u00e1rio \u00e9 totalmente respons\u00e1vel pela veracidade dos dados inseridos na plataforma, quer sejam dados pessoais ou outros. O usu\u00e1rio deve ainda manter seus dados atualizados, em especial aqueles que s\u00e3o canais necess\u00e1rios de comunica\u00e7\u00e3o, como endere\u00e7o de e-mail.<\/p>\n\n\n\n<p>O usu\u00e1rio poder\u00e1 a qualquer tempo alterar, cancelar, excluir seus dados cadastrais na plataforma\/aplicativo, sendo dever da&nbsp;<strong>CONTRATADA<\/strong>&nbsp;no entanto, guardar, armazenar e se solicitado, revelar, compartilhar, eventuais dados, conforme os termos das leis e regulamentos.<\/p>\n\n\n\n<p>O usu\u00e1rio se obriga a suas senhas pessoais e dados de acesso ao aplicativo totalmente seguros, n\u00e3o podendo compartilhar com terceiros (e obrigando-se a trocar a senha e c\u00f3digos de acesso, caso suspeite que terceiro tomou conhecimento dos mesmo), bem como devendo utilizar m\u00e1quinas, celular, locais de modo geral que sejam seguros, com softwares de anti-virus, anti-malware, ou anti-fishing para prote\u00e7\u00e3o do aparelho ao qual faz uso do aplicativo, n\u00e3o respondendo a&nbsp;<strong>CONTRATADA<\/strong>&nbsp;por qualquer intercorr\u00eancia que o usu\u00e1rio venha a sofrer por problemas decorrentes da inobserv\u00e2ncia desta obriga\u00e7\u00e3o.<\/p>\n\n\n\n<p>O usu\u00e1rio n\u00e3o deve acessar o aplicativo e\/ou inserir suas senhas e dados de aparelho ou equipamento p\u00fablico ou de terceiros.<\/p>\n\n\n\n<p>Ainda, n\u00e3o ser\u00e1 de responsabilidade da&nbsp;<strong>CONTRATADA&nbsp;<\/strong>qualquer ocorr\u00eancia de intercepta\u00e7\u00f5es ilegais de dados, viola\u00e7\u00e3o e sequestro de dados, viola\u00e7\u00e3o ou invas\u00e3o de seus sistemas e dos dados dos usu\u00e1rios do banco de dados.<\/p>\n\n\n\n<p><strong>OUTRAS DISPOSI\u00c7\u00d5ES<\/strong><\/p>\n\n\n\n<p>Esta pol\u00edtica de privacidade \u00e9 celebrada por prazo indeterminado, mantendo-se em vigor a partir da data do cadastro do usu\u00e1rio no aplicativo e\/ou acesso ao mesmo ou a site, conta na&nbsp;<strong>CONTRATADA<\/strong>, sendo que os presentes termos poder\u00e3o sofrer adequa\u00e7\u00f5es, o que os usu\u00e1rios se declaram cientes e de acordo, sendo que enquanto e sempre que utilizarem a plataforma\/aplicativo, site e afins est\u00e3o sujeitos a presente pol\u00edtica de privacidade.<\/p>\n\n\n\n<p>A qualquer momento, o usu\u00e1rio poder\u00e1 sanar qualquer d\u00favida sobre a pol\u00edtica de privacidade\u00a0<strong>CONTRATADA<\/strong>, pelo e-mail: hapice.financeiro@hotmail.com<\/p>\n","protected":false},"excerpt":{"rendered":"<p>TERMOS DA POL\u00cdTICA DE PRIVACIDADE DA CONTRATADA Leia com aten\u00e7\u00e3o aos termos desta Pol\u00edtica de privacidade antes de fornecer informa\u00e7\u00f5es e dados e\/ou utilizar os servi\u00e7os da CONTRATADA Inform\u00e1tica Ltda! A\u00a0Hapice Producoes, pessoa jur\u00eddica registrada sob o CNPJ n.\u00a018.043.350\/0001-09, localizada na Rua Coronel Luiz J\u00falio, 2032 &#8211; Lagoa Nova, Natal, denominada neste termo como\u00a0CONTRATADA, compartilha [&hellip;]<\/p>\n","protected":false},"author":2,"featured_media":0,"parent":0,"menu_order":0,"comment_status":"closed","ping_status":"closed","template":"","meta":{"_acf_changed":false,"footnotes":""},"class_list":["post-7726","page","type-page","status-publish","hentry"],"acf":[],"yoast_head":"<!-- This site is optimized with the Yoast SEO plugin v27.3 - https:\/\/yoast.com\/product\/yoast-seo-wordpress\/ -->\n<title>Politica de Privacidade Hapice Producoes - eCliente Desenvolvimento de Sites e Marketing Digital<\/title>\n<meta name=\"robots\" content=\"index, follow, max-snippet:-1, max-image-preview:large, max-video-preview:-1\" \/>\n<link rel=\"canonical\" href=\"https:\/\/ecliente2.com.br\/site\/politica-de-privacidade-hapice\/\" \/>\n<meta property=\"og:locale\" content=\"pt_BR\" \/>\n<meta property=\"og:type\" content=\"article\" \/>\n<meta property=\"og:title\" content=\"Politica de Privacidade Hapice Producoes - eCliente Desenvolvimento de Sites e Marketing Digital\" \/>\n<meta property=\"og:description\" content=\"TERMOS DA POL\u00cdTICA DE PRIVACIDADE DA CONTRATADA Leia com aten\u00e7\u00e3o aos termos desta Pol\u00edtica de privacidade antes de fornecer informa\u00e7\u00f5es e dados e\/ou utilizar os servi\u00e7os da CONTRATADA Inform\u00e1tica Ltda! A\u00a0Hapice Producoes, pessoa jur\u00eddica registrada sob o CNPJ n.\u00a018.043.350\/0001-09, localizada na Rua Coronel Luiz J\u00falio, 2032 &#8211; Lagoa Nova, Natal, denominada neste termo como\u00a0CONTRATADA, compartilha [&hellip;]\" \/>\n<meta property=\"og:url\" content=\"https:\/\/ecliente2.com.br\/site\/politica-de-privacidade-hapice\/\" \/>\n<meta property=\"og:site_name\" content=\"eCliente Desenvolvimento de Sites e Marketing Digital\" \/>\n<meta property=\"article:publisher\" content=\"https:\/\/www.facebook.com\/ecliente\" \/>\n<meta property=\"article:modified_time\" content=\"2025-09-01T19:17:15+00:00\" \/>\n<meta name=\"twitter:label1\" content=\"Est. tempo de leitura\" \/>\n\t<meta name=\"twitter:data1\" content=\"6 minutos\" \/>\n<script type=\"application\/ld+json\" class=\"yoast-schema-graph\">{\"@context\":\"https:\\\/\\\/schema.org\",\"@graph\":[{\"@type\":\"WebPage\",\"@id\":\"https:\\\/\\\/ecliente2.com.br\\\/site\\\/politica-de-privacidade-hapice\\\/\",\"url\":\"https:\\\/\\\/ecliente2.com.br\\\/site\\\/politica-de-privacidade-hapice\\\/\",\"name\":\"Politica de Privacidade Hapice Producoes - eCliente Desenvolvimento de Sites e Marketing Digital\",\"isPartOf\":{\"@id\":\"https:\\\/\\\/ecliente2.com.br\\\/site\\\/#website\"},\"datePublished\":\"2025-09-01T19:16:29+00:00\",\"dateModified\":\"2025-09-01T19:17:15+00:00\",\"breadcrumb\":{\"@id\":\"https:\\\/\\\/ecliente2.com.br\\\/site\\\/politica-de-privacidade-hapice\\\/#breadcrumb\"},\"inLanguage\":\"pt-BR\",\"potentialAction\":[{\"@type\":\"ReadAction\",\"target\":[\"https:\\\/\\\/ecliente2.com.br\\\/site\\\/politica-de-privacidade-hapice\\\/\"]}]},{\"@type\":\"BreadcrumbList\",\"@id\":\"https:\\\/\\\/ecliente2.com.br\\\/site\\\/politica-de-privacidade-hapice\\\/#breadcrumb\",\"itemListElement\":[{\"@type\":\"ListItem\",\"position\":1,\"name\":\"In\u00edcio\",\"item\":\"https:\\\/\\\/ecliente2.com.br\\\/site\\\/\"},{\"@type\":\"ListItem\",\"position\":2,\"name\":\"Politica de Privacidade Hapice Producoes\"}]},{\"@type\":\"WebSite\",\"@id\":\"https:\\\/\\\/ecliente2.com.br\\\/site\\\/#website\",\"url\":\"https:\\\/\\\/ecliente2.com.br\\\/site\\\/\",\"name\":\"eCliente Desenvolvimento de Sites e Marketing Digital\",\"description\":\"Desenvolvimento de Sites e Software\",\"potentialAction\":[{\"@type\":\"SearchAction\",\"target\":{\"@type\":\"EntryPoint\",\"urlTemplate\":\"https:\\\/\\\/ecliente2.com.br\\\/site\\\/?s={search_term_string}\"},\"query-input\":{\"@type\":\"PropertyValueSpecification\",\"valueRequired\":true,\"valueName\":\"search_term_string\"}}],\"inLanguage\":\"pt-BR\"}]}<\/script>\n<!-- \/ Yoast SEO plugin. -->","yoast_head_json":{"title":"Politica de Privacidade Hapice Producoes - eCliente Desenvolvimento de Sites e Marketing Digital","robots":{"index":"index","follow":"follow","max-snippet":"max-snippet:-1","max-image-preview":"max-image-preview:large","max-video-preview":"max-video-preview:-1"},"canonical":"https:\/\/ecliente2.com.br\/site\/politica-de-privacidade-hapice\/","og_locale":"pt_BR","og_type":"article","og_title":"Politica de Privacidade Hapice Producoes - eCliente Desenvolvimento de Sites e Marketing Digital","og_description":"TERMOS DA POL\u00cdTICA DE PRIVACIDADE DA CONTRATADA Leia com aten\u00e7\u00e3o aos termos desta Pol\u00edtica de privacidade antes de fornecer informa\u00e7\u00f5es e dados e\/ou utilizar os servi\u00e7os da CONTRATADA Inform\u00e1tica Ltda! A\u00a0Hapice Producoes, pessoa jur\u00eddica registrada sob o CNPJ n.\u00a018.043.350\/0001-09, localizada na Rua Coronel Luiz J\u00falio, 2032 &#8211; Lagoa Nova, Natal, denominada neste termo como\u00a0CONTRATADA, compartilha [&hellip;]","og_url":"https:\/\/ecliente2.com.br\/site\/politica-de-privacidade-hapice\/","og_site_name":"eCliente Desenvolvimento de Sites e Marketing Digital","article_publisher":"https:\/\/www.facebook.com\/ecliente","article_modified_time":"2025-09-01T19:17:15+00:00","twitter_misc":{"Est. tempo de leitura":"6 minutos"},"schema":{"@context":"https:\/\/schema.org","@graph":[{"@type":"WebPage","@id":"https:\/\/ecliente2.com.br\/site\/politica-de-privacidade-hapice\/","url":"https:\/\/ecliente2.com.br\/site\/politica-de-privacidade-hapice\/","name":"Politica de Privacidade Hapice Producoes - eCliente Desenvolvimento de Sites e Marketing Digital","isPartOf":{"@id":"https:\/\/ecliente2.com.br\/site\/#website"},"datePublished":"2025-09-01T19:16:29+00:00","dateModified":"2025-09-01T19:17:15+00:00","breadcrumb":{"@id":"https:\/\/ecliente2.com.br\/site\/politica-de-privacidade-hapice\/#breadcrumb"},"inLanguage":"pt-BR","potentialAction":[{"@type":"ReadAction","target":["https:\/\/ecliente2.com.br\/site\/politica-de-privacidade-hapice\/"]}]},{"@type":"BreadcrumbList","@id":"https:\/\/ecliente2.com.br\/site\/politica-de-privacidade-hapice\/#breadcrumb","itemListElement":[{"@type":"ListItem","position":1,"name":"In\u00edcio","item":"https:\/\/ecliente2.com.br\/site\/"},{"@type":"ListItem","position":2,"name":"Politica de Privacidade Hapice Producoes"}]},{"@type":"WebSite","@id":"https:\/\/ecliente2.com.br\/site\/#website","url":"https:\/\/ecliente2.com.br\/site\/","name":"eCliente Desenvolvimento de Sites e Marketing Digital","description":"Desenvolvimento de Sites e Software","potentialAction":[{"@type":"SearchAction","target":{"@type":"EntryPoint","urlTemplate":"https:\/\/ecliente2.com.br\/site\/?s={search_term_string}"},"query-input":{"@type":"PropertyValueSpecification","valueRequired":true,"valueName":"search_term_string"}}],"inLanguage":"pt-BR"}]}},"_links":{"self":[{"href":"https:\/\/ecliente2.com.br\/site\/wp-json\/wp\/v2\/pages\/7726","targetHints":{"allow":["GET"]}}],"collection":[{"href":"https:\/\/ecliente2.com.br\/site\/wp-json\/wp\/v2\/pages"}],"about":[{"href":"https:\/\/ecliente2.com.br\/site\/wp-json\/wp\/v2\/types\/page"}],"author":[{"embeddable":true,"href":"https:\/\/ecliente2.com.br\/site\/wp-json\/wp\/v2\/users\/2"}],"replies":[{"embeddable":true,"href":"https:\/\/ecliente2.com.br\/site\/wp-json\/wp\/v2\/comments?post=7726"}],"version-history":[{"count":1,"href":"https:\/\/ecliente2.com.br\/site\/wp-json\/wp\/v2\/pages\/7726\/revisions"}],"predecessor-version":[{"id":7727,"href":"https:\/\/ecliente2.com.br\/site\/wp-json\/wp\/v2\/pages\/7726\/revisions\/7727"}],"wp:attachment":[{"href":"https:\/\/ecliente2.com.br\/site\/wp-json\/wp\/v2\/media?parent=7726"}],"curies":[{"name":"wp","href":"https:\/\/api.w.org\/{rel}","templated":true}]}}